{"id":3417,"date":"2020-09-21T11:45:53","date_gmt":"2020-09-21T11:45:53","guid":{"rendered":"http:\/\/skapoultryequipment.com\/prodotti-avicoli\/"},"modified":"2021-01-07T14:49:53","modified_gmt":"2021-01-07T14:49:53","slug":"gefluegelzuchteinrichtungen","status":"publish","type":"page","link":"https:\/\/skapoultryequipment.com\/de\/gefluegelzuchteinrichtungen\/","title":{"rendered":"Gefl\u00fcgelzuchteinrichtungen"},"content":{"rendered":"\n<style type=\"text\/css\" data-created_by=\"avia_inline_auto\" id=\"style-css-av-kfs0cfdl-65b02bd7a080c1e0f70b6e0c66c61bf3\">\n.avia-section.av-kfs0cfdl-65b02bd7a080c1e0f70b6e0c66c61bf3{\nbackground-repeat:no-repeat;\nbackground-image:url(https:\/\/skapoultryequipment.com\/wp-content\/uploads\/2020\/11\/newheader-home.jpg);\nbackground-position:0% 0%;\nbackground-attachment:scroll;\n}\n.avia-section.av-kfs0cfdl-65b02bd7a080c1e0f70b6e0c66c61bf3 .av-section-color-overlay{\nopacity:0.4;\nbackground-color:#0a0a0a;\n}\n<\/style>\n<div id='av_section_1'  class='avia-section av-kfs0cfdl-65b02bd7a080c1e0f70b6e0c66c61bf3 main_color avia-section-default avia-no-border-styling  avia-builder-el-0  el_before_av_section  avia-builder-el-first  avia-full-stretch avia-bg-style-scroll av-section-color-overlay-active container_wrap fullsize'  data-section-bg-repeat='stretch'><div class=\"av-section-color-overlay-wrap\"><div class=\"av-section-color-overlay\"><\/div><div class='container av-section-cont-open' ><main  role=\"main\" itemprop=\"mainContentOfPage\"  class='template-page content  av-content-full alpha units'><div class='post-entry post-entry-type-page post-entry-3417'><div class='entry-content-wrapper clearfix'>\n\n<style type=\"text\/css\" data-created_by=\"avia_inline_auto\" id=\"style-css-av-clkul-a62a8eb2d1f1d3e8714eff9ae2de85d6\">\n.flex_column.av-clkul-a62a8eb2d1f1d3e8714eff9ae2de85d6{\nborder-radius:0px 0px 0px 0px;\npadding:0px 0px 0px 0px;\n}\n<\/style>\n<div  class='flex_column av-clkul-a62a8eb2d1f1d3e8714eff9ae2de85d6 av_one_half  avia-builder-el-1  el_before_av_one_half  avia-builder-el-first  col-ban-azienda prodotti first av-break-at-tablet flex_column_div av-zero-column-padding  '     ><style type=\"text\/css\" data-created_by=\"avia_inline_auto\" id=\"style-css-av-kfs0djkj-ba45a08fe28999addbc7075b75e5039e\">\n#top .av_textblock_section.av-kfs0djkj-ba45a08fe28999addbc7075b75e5039e .avia_textblock{\ncolor:#ffffff;\n}\n<\/style>\n<section  class='av_textblock_section av-kfs0djkj-ba45a08fe28999addbc7075b75e5039e '   itemscope=\"itemscope\" itemtype=\"https:\/\/schema.org\/CreativeWork\" ><div class='avia_textblock tit-ban-azienda av_inherit_color'  itemprop=\"text\" ><h1>SKA: Gefl\u00fcgelzuchteinrichtungen seit 1954<\/h1>\n<p>SKA ist seit Jahrzehnten auf dem Gebiet der Produkte f\u00fcr Bodenhaltung und biologische Gefl\u00fcgelzucht t\u00e4tig. Unser Ansatz basiert auf der <strong>Beobachtung des Tierverhaltens<\/strong>, damit wir stets L\u00f6sungen anbieten k\u00f6nnen, die den Anforderungen des Lebenszyklus der Zuchttiere entsprechen.<br \/>\nAlle unsere Einrichtungen f\u00fcr Gefl\u00fcgelzucht sind <strong>Made in Italy<\/strong>: Wir sind davon \u00fcberzeugt, dass die Qualit\u00e4t der Materialien entscheidend zur Leistung und zum Ertrag des Endprodukts beitr\u00e4gt.<br \/>\nWir passen unsere Angebote an die Besonderheiten des Zuchtbetriebs an und ber\u00fccksichtigen dabei die Gr\u00f6\u00dfe und Art der Tiere, die Klimabedingungen am Standort und die Anforderungen des Kunden: all dies in \u00dcbereinstimmung mit den geltenden Vorschriften.<\/p>\n<\/div><\/section><br \/>\n<div  class='avia-button-wrap av-kfe1sawt-57f3b64d4343fa6126cdb5363d2a1832-wrap avia-button-left  avia-builder-el-3  el_after_av_textblock  avia-builder-el-last '><a href='https:\/\/skapoultryequipment.com\/de\/kontakte\/'  class='avia-button av-kfe1sawt-57f3b64d4343fa6126cdb5363d2a1832 av-link-btn avia-icon_select-no avia-size-large avia-position-left avia-color-theme-color'   aria-label=\"Informationen anfordern\"><span class='avia_iconbox_title' >Informationen anfordern<\/span><\/a><\/div><\/p><\/div>\n<style type=\"text\/css\" data-created_by=\"avia_inline_auto\" id=\"style-css-av-9gpkt-6cc6fca2edf9d4a7b9b982230e99d149\">\n.flex_column.av-9gpkt-6cc6fca2edf9d4a7b9b982230e99d149{\nborder-radius:0px 0px 0px 0px;\npadding:0px 0px 0px 0px;\n}\n<\/style>\n<div  class='flex_column av-9gpkt-6cc6fca2edf9d4a7b9b982230e99d149 av_one_half  avia-builder-el-4  el_after_av_one_half  avia-builder-el-last  av-break-at-tablet flex_column_div av-zero-column-padding  '     ><\/div>\n\n<\/div><\/div><\/main><!-- close content main element --><\/div><\/div><\/div><div id='av_section_2'  class='avia-section av-kfsamdr6-57b6860fed03b18771917b6c6826b6f1 main_color avia-section-large avia-no-border-styling  avia-builder-el-5  el_after_av_section  el_before_av_section  avia-bg-style-scroll container_wrap fullsize'  ><div class='container av-section-cont-open' ><div class='template-page content  av-content-full alpha units'><div class='post-entry post-entry-type-page post-entry-3417'><div class='entry-content-wrapper clearfix'>\n\n<style type=\"text\/css\" data-created_by=\"avia_inline_auto\" id=\"style-css-av-12up8-e82e60da4e7938fac3b3c10fb04fbf49\">\n.flex_column.av-12up8-e82e60da4e7938fac3b3c10fb04fbf49{\nborder-radius:0px 0px 0px 0px;\npadding:0px 0px 0px 0px;\n}\n<\/style>\n<div  class='flex_column av-12up8-e82e60da4e7938fac3b3c10fb04fbf49 av_one_full  avia-builder-el-6  avia-builder-el-no-sibling  first flex_column_div av-zero-column-padding  '     ><section  class='av_textblock_section av-kfsalb5e-369aeece56405db477288fc3df86f57d '   itemscope=\"itemscope\" itemtype=\"https:\/\/schema.org\/CreativeWork\" ><div class='avia_textblock'  itemprop=\"text\" ><h2>Stalleinrichtung alle unsere Produkte<\/h2>\n<p>Die <strong>SKA-stalleinrichtung<\/strong> eignen sich f\u00fcr alle Arten von Tieren: H\u00e4hnchen, Zuchth\u00fchner, Puten, Legehennen, aber auch Enten, Wachteln und andere Tiere in all ihren Wachstumsphasen. Die Futter- und Tr\u00e4nkreihen sind dank eines automatischen Mechanismus h\u00f6henverstellbar, wodurch Arbeitskosten und Zeit gespart werden.<\/p>\n<p>Unsere Futtertrog- und Futterkettenmodelle sind dank eines innovativen Designs, das den Tieren einen einfachen Zugang erm\u00f6glicht, verschwendungssicher.<\/p>\n<p>Um das Wohlbefinden der Tiere zu gew\u00e4hrleisten und <b>die Produktivit\u00e4t zu optimieren<\/b>, bieten wir Klimaanlagen mit Abz\u00fcgen, Pad-K\u00fchlung und Hei\u00dfluftgeneratoren sowie ein Beleuchtungsnetzwerk mit Lichtpunkten, deren Intensit\u00e4t einstellbar ist. Die Anlagen garantieren eine hohe Automatisierung und bieten die M\u00f6glichkeit der Fernsteuerung anhand moderner Kontrollsysteme.<\/p>\n<p>Es ist m\u00f6glich, die Installation der Einrichtungen in unseren <b>schl\u00fcsselfertigen Service<\/b> einzubinden.<\/p>\n<\/div><\/section><br \/>\n\n<style type=\"text\/css\" data-created_by=\"avia_inline_auto\" id=\"style-css-av-kfsankwi-6b6aca7db402ae2c756ccfb42fc39166\">\n#top .hr.hr-invisible.av-kfsankwi-6b6aca7db402ae2c756ccfb42fc39166{\nheight:20px;\n}\n<\/style>\n<div  class='hr av-kfsankwi-6b6aca7db402ae2c756ccfb42fc39166 hr-invisible  avia-builder-el-8  el_after_av_textblock  el_before_av_textblock '><span class='hr-inner '><span class=\"hr-inner-style\"><\/span><\/span><\/div><br \/>\n<section  class='av_textblock_section av-kfsalb5e-369aeece56405db477288fc3df86f57d '   itemscope=\"itemscope\" itemtype=\"https:\/\/schema.org\/CreativeWork\" ><div class='avia_textblock'  itemprop=\"text\" ><h3>W\u00e4hlen Sie je nach Art der Tierhaltung<\/h3>\n<\/div><\/section><br \/>\n\n<style type=\"text\/css\" data-created_by=\"avia_inline_auto\" id=\"style-css-av-kfscqo6o-60c2aa8b937015689d4f8856149caf47\">\n#top .hr.hr-invisible.av-kfscqo6o-60c2aa8b937015689d4f8856149caf47{\nheight:5px;\n}\n<\/style>\n<div  class='hr av-kfscqo6o-60c2aa8b937015689d4f8856149caf47 hr-invisible  avia-builder-el-10  el_after_av_textblock  el_before_av_codeblock '><span class='hr-inner '><span class=\"hr-inner-style\"><\/span><\/span><\/div><br \/>\n<\/p><\/div>\n\n<\/div><\/div><\/div><!-- close content main div --><\/div><\/div>\n<style type=\"text\/css\" data-created_by=\"avia_inline_auto\" id=\"style-css-av-kfsamdr6-1f640cc5fc58b13f7d9e9225ab327360\">\n.avia-section.av-kfsamdr6-1f640cc5fc58b13f7d9e9225ab327360{\nbackground-color:#f4f4f4;\nbackground-image:unset;\n}\n<\/style>\n<div id='av_section_3'  class='avia-section av-kfsamdr6-1f640cc5fc58b13f7d9e9225ab327360 main_color avia-section-large avia-no-border-styling  avia-builder-el-12  el_after_av_section  avia-builder-el-last  avia-bg-style-scroll container_wrap fullsize'  ><div class='container av-section-cont-open' ><div class='template-page content  av-content-full alpha units'><div class='post-entry post-entry-type-page post-entry-3417'><div class='entry-content-wrapper clearfix'>\n\n<style type=\"text\/css\" data-created_by=\"avia_inline_auto\" id=\"style-css-av-12up8-e82e60da4e7938fac3b3c10fb04fbf49\">\n.flex_column.av-12up8-e82e60da4e7938fac3b3c10fb04fbf49{\nborder-radius:0px 0px 0px 0px;\npadding:0px 0px 0px 0px;\n}\n<\/style>\n<div  class='flex_column av-12up8-e82e60da4e7938fac3b3c10fb04fbf49 av_one_full  avia-builder-el-13  avia-builder-el-no-sibling  first flex_column_div av-zero-column-padding  '     ><section  class='av_textblock_section av-kfsalb5e-369aeece56405db477288fc3df86f57d '   itemscope=\"itemscope\" itemtype=\"https:\/\/schema.org\/CreativeWork\" ><div class='avia_textblock'  itemprop=\"text\" ><h3>W\u00e4hlen Sie je nach Produktart aus<\/h3>\n<\/div><\/section><br \/>\n\n<style type=\"text\/css\" data-created_by=\"avia_inline_auto\" id=\"style-css-av-kfscqo6o-60c2aa8b937015689d4f8856149caf47\">\n#top .hr.hr-invisible.av-kfscqo6o-60c2aa8b937015689d4f8856149caf47{\nheight:5px;\n}\n<\/style>\n<div  class='hr av-kfscqo6o-60c2aa8b937015689d4f8856149caf47 hr-invisible  avia-builder-el-15  el_after_av_textblock  el_before_av_codeblock '><span class='hr-inner '><span class=\"hr-inner-style\"><\/span><\/span><\/div><br \/>\n<\/p><\/div>\n","protected":false},"excerpt":{"rendered":"","protected":false},"author":1,"featured_media":0,"parent":0,"menu_order":0,"comment_status":"closed","ping_status":"closed","template":"","meta":{"footnotes":""},"class_list":["post-3417","page","type-page","status-publish","hentry"],"yoast_head":"<!-- This site is optimized with the Yoast SEO plugin v23.4 - https:\/\/yoast.com\/wordpress\/plugins\/seo\/ -->\n<title>Gefl\u00fcgel zubeh\u00f6r - Zubeh\u00f6r f\u00fcr h\u00fchner - Stalleinrichtung f\u00fcr gefl\u00fcgel, legehennen, h\u00fchner - SKA Poultry Equipment<\/title>\n<meta name=\"description\" content=\"Stalleinrichtung f\u00fcr gefl\u00fcgel, legehennen, h\u00fchner \u27a4 SKA entwirft und fertigt gefl\u00fcgel zubeh\u00f6r \u2714\ufe0fDesign, Produktion und Verkauf \u2714\ufe0fKontaktieren Sie uns f\u00fcr weitere Informationen\" \/>\n<meta name=\"robots\" content=\"index, follow, max-snippet:-1, max-image-preview:large, max-video-preview:-1\" \/>\n<link rel=\"canonical\" href=\"https:\/\/skapoultryequipment.com\/de\/gefluegelzuchteinrichtungen\/\" \/>\n<meta property=\"og:locale\" content=\"de_DE\" \/>\n<meta property=\"og:type\" content=\"article\" \/>\n<meta property=\"og:title\" content=\"Gefl\u00fcgel zubeh\u00f6r - Zubeh\u00f6r f\u00fcr h\u00fchner - Stalleinrichtung f\u00fcr gefl\u00fcgel, legehennen, h\u00fchner - SKA Poultry Equipment\" \/>\n<meta property=\"og:description\" content=\"Stalleinrichtung f\u00fcr gefl\u00fcgel, legehennen, h\u00fchner \u27a4 SKA entwirft und fertigt gefl\u00fcgel zubeh\u00f6r \u2714\ufe0fDesign, Produktion und Verkauf \u2714\ufe0fKontaktieren Sie uns f\u00fcr weitere Informationen\" \/>\n<meta property=\"og:url\" content=\"https:\/\/skapoultryequipment.com\/de\/gefluegelzuchteinrichtungen\/\" \/>\n<meta property=\"og:site_name\" content=\"SKA Poultry Equipment\" \/>\n<meta property=\"article:modified_time\" content=\"2021-01-07T14:49:53+00:00\" \/>\n<meta property=\"og:image\" content=\"https:\/\/skapoultryequipment.com\/wp-content\/uploads\/2020\/10\/polli-carne-r.png\" \/>\n<meta name=\"twitter:card\" content=\"summary_large_image\" \/>\n<meta name=\"twitter:label1\" content=\"Gesch\u00e4tzte Lesezeit\" \/>\n\t<meta name=\"twitter:data1\" content=\"8\u00a0Minuten\" \/>\n<script type=\"application\/ld+json\" class=\"yoast-schema-graph\">{\"@context\":\"https:\/\/schema.org\",\"@graph\":[{\"@type\":\"WebPage\",\"@id\":\"https:\/\/skapoultryequipment.com\/de\/gefluegelzuchteinrichtungen\/\",\"url\":\"https:\/\/skapoultryequipment.com\/de\/gefluegelzuchteinrichtungen\/\",\"name\":\"Gefl\u00fcgel zubeh\u00f6r - Zubeh\u00f6r f\u00fcr h\u00fchner - Stalleinrichtung f\u00fcr gefl\u00fcgel, legehennen, h\u00fchner - SKA Poultry Equipment\",\"isPartOf\":{\"@id\":\"https:\/\/skapoultryequipment.com\/#website\"},\"datePublished\":\"2020-09-21T11:45:53+00:00\",\"dateModified\":\"2021-01-07T14:49:53+00:00\",\"description\":\"Stalleinrichtung f\u00fcr gefl\u00fcgel, legehennen, h\u00fchner \u27a4 SKA entwirft und fertigt gefl\u00fcgel zubeh\u00f6r \u2714\ufe0fDesign, Produktion und Verkauf \u2714\ufe0fKontaktieren Sie uns f\u00fcr weitere Informationen\",\"breadcrumb\":{\"@id\":\"https:\/\/skapoultryequipment.com\/de\/gefluegelzuchteinrichtungen\/#breadcrumb\"},\"inLanguage\":\"de\",\"potentialAction\":[{\"@type\":\"ReadAction\",\"target\":[\"https:\/\/skapoultryequipment.com\/de\/gefluegelzuchteinrichtungen\/\"]}]},{\"@type\":\"BreadcrumbList\",\"@id\":\"https:\/\/skapoultryequipment.com\/de\/gefluegelzuchteinrichtungen\/#breadcrumb\",\"itemListElement\":[{\"@type\":\"ListItem\",\"position\":1,\"name\":\"Home\",\"item\":\"https:\/\/skapoultryequipment.com\/de\/home\/\"},{\"@type\":\"ListItem\",\"position\":2,\"name\":\"Gefl\u00fcgelzuchteinrichtungen\"}]},{\"@type\":\"WebSite\",\"@id\":\"https:\/\/skapoultryequipment.com\/#website\",\"url\":\"https:\/\/skapoultryequipment.com\/\",\"name\":\"SKA Poultry Equipment\",\"description\":\"SKA azienda leader nel settore della progettazione e produzione di impianti ed attrezzature per l&#039;allevamento avicolo a terra.\",\"publisher\":{\"@id\":\"https:\/\/skapoultryequipment.com\/#organization\"},\"potentialAction\":[{\"@type\":\"SearchAction\",\"target\":{\"@type\":\"EntryPoint\",\"urlTemplate\":\"https:\/\/skapoultryequipment.com\/?s={search_term_string}\"},\"query-input\":{\"@type\":\"PropertyValueSpecification\",\"valueRequired\":true,\"valueName\":\"search_term_string\"}}],\"inLanguage\":\"de\"},{\"@type\":\"Organization\",\"@id\":\"https:\/\/skapoultryequipment.com\/#organization\",\"name\":\"SKA S.r.l.\",\"url\":\"https:\/\/skapoultryequipment.com\/\",\"logo\":{\"@type\":\"ImageObject\",\"inLanguage\":\"de\",\"@id\":\"https:\/\/skapoultryequipment.com\/#\/schema\/logo\/image\/\",\"url\":\"https:\/\/skapoultryequipment.com\/wp-content\/uploads\/2020\/09\/logo-SKA.png\",\"contentUrl\":\"https:\/\/skapoultryequipment.com\/wp-content\/uploads\/2020\/09\/logo-SKA.png\",\"width\":183,\"height\":183,\"caption\":\"SKA S.r.l.\"},\"image\":{\"@id\":\"https:\/\/skapoultryequipment.com\/#\/schema\/logo\/image\/\"}}]}<\/script>\n<!-- \/ Yoast SEO plugin. -->","yoast_head_json":{"title":"Gefl\u00fcgel zubeh\u00f6r - Zubeh\u00f6r f\u00fcr h\u00fchner - Stalleinrichtung f\u00fcr gefl\u00fcgel, legehennen, h\u00fchner - SKA Poultry Equipment","description":"Stalleinrichtung f\u00fcr gefl\u00fcgel, legehennen, h\u00fchner \u27a4 SKA entwirft und fertigt gefl\u00fcgel zubeh\u00f6r \u2714\ufe0fDesign, Produktion und Verkauf \u2714\ufe0fKontaktieren Sie uns f\u00fcr weitere Informationen","robots":{"index":"index","follow":"follow","max-snippet":"max-snippet:-1","max-image-preview":"max-image-preview:large","max-video-preview":"max-video-preview:-1"},"canonical":"https:\/\/skapoultryequipment.com\/de\/gefluegelzuchteinrichtungen\/","og_locale":"de_DE","og_type":"article","og_title":"Gefl\u00fcgel zubeh\u00f6r - Zubeh\u00f6r f\u00fcr h\u00fchner - Stalleinrichtung f\u00fcr gefl\u00fcgel, legehennen, h\u00fchner - SKA Poultry Equipment","og_description":"Stalleinrichtung f\u00fcr gefl\u00fcgel, legehennen, h\u00fchner \u27a4 SKA entwirft und fertigt gefl\u00fcgel zubeh\u00f6r \u2714\ufe0fDesign, Produktion und Verkauf \u2714\ufe0fKontaktieren Sie uns f\u00fcr weitere Informationen","og_url":"https:\/\/skapoultryequipment.com\/de\/gefluegelzuchteinrichtungen\/","og_site_name":"SKA Poultry Equipment","article_modified_time":"2021-01-07T14:49:53+00:00","og_image":[{"url":"https:\/\/skapoultryequipment.com\/wp-content\/uploads\/2020\/10\/polli-carne-r.png"}],"twitter_card":"summary_large_image","twitter_misc":{"Gesch\u00e4tzte Lesezeit":"8\u00a0Minuten"},"schema":{"@context":"https:\/\/schema.org","@graph":[{"@type":"WebPage","@id":"https:\/\/skapoultryequipment.com\/de\/gefluegelzuchteinrichtungen\/","url":"https:\/\/skapoultryequipment.com\/de\/gefluegelzuchteinrichtungen\/","name":"Gefl\u00fcgel zubeh\u00f6r - Zubeh\u00f6r f\u00fcr h\u00fchner - Stalleinrichtung f\u00fcr gefl\u00fcgel, legehennen, h\u00fchner - SKA Poultry Equipment","isPartOf":{"@id":"https:\/\/skapoultryequipment.com\/#website"},"datePublished":"2020-09-21T11:45:53+00:00","dateModified":"2021-01-07T14:49:53+00:00","description":"Stalleinrichtung f\u00fcr gefl\u00fcgel, legehennen, h\u00fchner \u27a4 SKA entwirft und fertigt gefl\u00fcgel zubeh\u00f6r \u2714\ufe0fDesign, Produktion und Verkauf \u2714\ufe0fKontaktieren Sie uns f\u00fcr weitere Informationen","breadcrumb":{"@id":"https:\/\/skapoultryequipment.com\/de\/gefluegelzuchteinrichtungen\/#breadcrumb"},"inLanguage":"de","potentialAction":[{"@type":"ReadAction","target":["https:\/\/skapoultryequipment.com\/de\/gefluegelzuchteinrichtungen\/"]}]},{"@type":"BreadcrumbList","@id":"https:\/\/skapoultryequipment.com\/de\/gefluegelzuchteinrichtungen\/#breadcrumb","itemListElement":[{"@type":"ListItem","position":1,"name":"Home","item":"https:\/\/skapoultryequipment.com\/de\/home\/"},{"@type":"ListItem","position":2,"name":"Gefl\u00fcgelzuchteinrichtungen"}]},{"@type":"WebSite","@id":"https:\/\/skapoultryequipment.com\/#website","url":"https:\/\/skapoultryequipment.com\/","name":"SKA Poultry Equipment","description":"SKA azienda leader nel settore della progettazione e produzione di impianti ed attrezzature per l&#039;allevamento avicolo a terra.","publisher":{"@id":"https:\/\/skapoultryequipment.com\/#organization"},"potentialAction":[{"@type":"SearchAction","target":{"@type":"EntryPoint","urlTemplate":"https:\/\/skapoultryequipment.com\/?s={search_term_string}"},"query-input":{"@type":"PropertyValueSpecification","valueRequired":true,"valueName":"search_term_string"}}],"inLanguage":"de"},{"@type":"Organization","@id":"https:\/\/skapoultryequipment.com\/#organization","name":"SKA S.r.l.","url":"https:\/\/skapoultryequipment.com\/","logo":{"@type":"ImageObject","inLanguage":"de","@id":"https:\/\/skapoultryequipment.com\/#\/schema\/logo\/image\/","url":"https:\/\/skapoultryequipment.com\/wp-content\/uploads\/2020\/09\/logo-SKA.png","contentUrl":"https:\/\/skapoultryequipment.com\/wp-content\/uploads\/2020\/09\/logo-SKA.png","width":183,"height":183,"caption":"SKA S.r.l."},"image":{"@id":"https:\/\/skapoultryequipment.com\/#\/schema\/logo\/image\/"}}]}},"_links":{"self":[{"href":"https:\/\/skapoultryequipment.com\/de\/wp-json\/wp\/v2\/pages\/3417"}],"collection":[{"href":"https:\/\/skapoultryequipment.com\/de\/wp-json\/wp\/v2\/pages"}],"about":[{"href":"https:\/\/skapoultryequipment.com\/de\/wp-json\/wp\/v2\/types\/page"}],"author":[{"embeddable":true,"href":"https:\/\/skapoultryequipment.com\/de\/wp-json\/wp\/v2\/users\/1"}],"replies":[{"embeddable":true,"href":"https:\/\/skapoultryequipment.com\/de\/wp-json\/wp\/v2\/comments?post=3417"}],"version-history":[{"count":0,"href":"https:\/\/skapoultryequipment.com\/de\/wp-json\/wp\/v2\/pages\/3417\/revisions"}],"wp:attachment":[{"href":"https:\/\/skapoultryequipment.com\/de\/wp-json\/wp\/v2\/media?parent=3417"}],"curies":[{"name":"wp","href":"https:\/\/api.w.org\/{rel}","templated":true}]}}