{"id":4263,"date":"2020-09-21T12:12:37","date_gmt":"2020-09-21T12:12:37","guid":{"rendered":"http:\/\/skapoultryequipment.com\/faq\/"},"modified":"2021-01-07T15:52:28","modified_gmt":"2021-01-07T15:52:28","slug":"faq","status":"publish","type":"page","link":"https:\/\/skapoultryequipment.com\/de\/faq\/","title":{"rendered":"FAQ"},"content":{"rendered":"<div id='av_section_1'  class='avia-section av-ngkeq-c89af42c939850d129480a601afd3bf1 main_color avia-section-default avia-no-border-styling  avia-builder-el-0  avia-builder-el-no-sibling  sez-01 avia-bg-style-scroll container_wrap fullsize'  ><div class='container av-section-cont-open' ><main  role=\"main\" itemprop=\"mainContentOfPage\"  class='template-page content  av-content-full alpha units'><div class='post-entry post-entry-type-page post-entry-4263'><div class='entry-content-wrapper clearfix'>\n\n<style type=\"text\/css\" data-created_by=\"avia_inline_auto\" id=\"style-css-av-1fttu-e47fb718ccf13800cf3b0b1810565a8b\">\n.flex_column.av-1fttu-e47fb718ccf13800cf3b0b1810565a8b{\nborder-radius:0px 0px 0px 0px;\npadding:0px 0px 0px 0px;\n}\n<\/style>\n<div  class='flex_column av-1fttu-e47fb718ccf13800cf3b0b1810565a8b av_one_full  avia-builder-el-1  el_before_av_one_full  avia-builder-el-first  first flex_column_div av-zero-column-padding  '     ><section  class='av_textblock_section av-kg2c9sda-de7c886254d515313e11180f2ab934cd '   itemscope=\"itemscope\" itemtype=\"https:\/\/schema.org\/CreativeWork\" ><div class='avia_textblock'  itemprop=\"text\" ><h1><span>H\u00e4ufig gestellte Fragen<\/span><\/h1>\n<\/div><\/section><br \/>\n<section  class='av_textblock_section av-kg2cchwb-1d280fe1a123881a4b1c53f9902b2953 '   itemscope=\"itemscope\" itemtype=\"https:\/\/schema.org\/CreativeWork\" ><div class='avia_textblock'  itemprop=\"text\" ><p>Alle Informationen und Ratschl\u00e4ge zu den Ausr\u00fcstungen f\u00fcr die Gefl\u00fcgelzucht.<\/p>\n<\/div><\/section><\/p><\/div>\n<style type=\"text\/css\" data-created_by=\"avia_inline_auto\" id=\"style-css-av-b2uvu-42c1e933a80534204ddd3bf72a66e059\">\n.flex_column.av-b2uvu-42c1e933a80534204ddd3bf72a66e059{\nborder-radius:0px 0px 0px 0px;\npadding:0px 0px 0px 0px;\n}\n<\/style>\n<div  class='flex_column av-b2uvu-42c1e933a80534204ddd3bf72a66e059 av_one_full  avia-builder-el-4  el_after_av_one_full  avia-builder-el-last  first flex_column_div av-zero-column-padding  column-top-margin'     ><style type=\"text\/css\" data-created_by=\"avia_inline_auto\" id=\"style-css-av-s6ks6-f7691a11a275f16ac01be5387713c965\">\n#top .togglecontainer.av-s6ks6-f7691a11a275f16ac01be5387713c965 p.toggler{\nborder-color:#e13522;\n}\n#top .togglecontainer.av-s6ks6-f7691a11a275f16ac01be5387713c965 p.toggler.activeTitle{\ncolor:#e13522;\nborder-color:#e13522;\n}\n#top .togglecontainer.av-s6ks6-f7691a11a275f16ac01be5387713c965 p.toggler:not(.activeTitle):hover{\ncolor:#ffffff;\nbackground-color:#e13522;\n}\n#top .togglecontainer.av-s6ks6-f7691a11a275f16ac01be5387713c965 p.toggler:not(.activeTitle):hover .toggle_icon, #top .togglecontainer.av-s6ks6-f7691a11a275f16ac01be5387713c965 p.toggler:not(.activeTitle):hover .toggle_icon *{\nborder-color:#ffffff !important;\n}\n#top .togglecontainer.av-s6ks6-f7691a11a275f16ac01be5387713c965 .toggle_wrap .toggle_content{\nborder-color:#e13522;\n}\n<\/style>\n<div  class='togglecontainer av-s6ks6-f7691a11a275f16ac01be5387713c965 av-minimal-toggle  avia-builder-el-5  avia-builder-el-no-sibling  accordion-custom toggle_close_all hasCurrentStyle' >\n<section class='av_toggle_section av-av_toggle-319dcbf20f9193462f0dce51f99f5a0f'  itemscope=\"itemscope\" itemtype=\"https:\/\/schema.org\/CreativeWork\" ><div role=\"tablist\" class=\"single_toggle\" data-tags=\"{Alle} \"  ><p id='toggle-toggle-id-1' data-fake-id='#toggle-id-1' class='toggler  av-title-above av-inherit-border-color'  itemprop=\"headline\"  role='tab' tabindex='0' aria-controls='toggle-id-1' data-slide-speed=\"200\" data-title=\"Was sind die Hauptparameter der europ\u00e4ischen Norm?\" data-title-open=\"\" data-aria_collapsed=\"Click to expand: Was sind die Hauptparameter der europ\u00e4ischen Norm?\" data-aria_expanded=\"Click to collapse: Was sind die Hauptparameter der europ\u00e4ischen Norm?\">Was sind die Hauptparameter der europ\u00e4ischen Norm?<span class=\"toggle_icon\"><span class=\"vert_icon\"><\/span><span class=\"hor_icon\"><\/span><\/span><\/p><div id='toggle-id-1' aria-labelledby='toggle-toggle-id-1' role='region' class='toggle_wrap  av-title-above'  ><div class='toggle_content invers-color av-inherit-border-color'  itemprop=\"text\" ><ol>\n<li>Lineare F\u00fctterungssysteme mit einer L\u00e4nge von mindestens 10 cm pro Henne oder kreisf\u00f6rmige F\u00fctterungssysteme mit einer L\u00e4nge von mindestens 4 cm pro Henne.<\/li>\n<li>Rinnentr\u00e4nken mit einer L\u00e4nge von 2,5 cm pro Henne oder kreisf\u00f6rmige Tr\u00e4nken mit einer L\u00e4nge von 1 cm pro Henne. Wenn Nippel- oder Schalentr\u00e4nken verwendet werden, muss pro 10 H\u00fchner mindestens eine Nippel- oder Schalentr\u00e4nke vorhanden sein, und wenn Tr\u00f6ge eingelassen sind, m\u00fcssen mindestens zwei Nippel- oder Schalentr\u00e4nke in Reichweite jeder Henne sein.<\/li>\n<li>Mindestens ein Nest pro 7 H\u00fchner. Wenn Gemeinschaftsnester verwendet werden, muss eine Fl\u00e4che von mindestens 1 m2 f\u00fcr maximal 120 H\u00fchner vorhanden sein.<\/li>\n<li>Angemessene Sitzstangen ohne scharfe Kanten und mindestens 15 cm pro Henne. Sitzstangen sind nicht \u00fcber dem Einstreubereich anzuordnen. Der horizontale Abstand zwischen Sitzstangen muss mindestens 30 cm und zwischen Sitzstange und Wand mindestens 20 cm betragen.<\/li>\n<li>Die Besatzdichte darf 9 Legehennen pro m2 Nutzfl\u00e4che nicht \u00fcberschreiten.<\/li>\n<li>einen Dichtekoeffizienten von nicht mehr als 9 Legehennen pro Quadratmeter Nutzfl\u00e4che haben.<\/li>\n<\/ol>\n<\/div><\/div><\/div><\/section>\n<section class='av_toggle_section av-av_toggle-9c93ae1b0bfae8aaeead48d26a3b8ce0'  itemscope=\"itemscope\" itemtype=\"https:\/\/schema.org\/CreativeWork\" ><div role=\"tablist\" class=\"single_toggle\" data-tags=\"{Alle} \"  ><p id='toggle-toggle-id-2' data-fake-id='#toggle-id-2' class='toggler  av-title-above av-inherit-border-color'  itemprop=\"headline\"  role='tab' tabindex='0' aria-controls='toggle-id-2' data-slide-speed=\"200\" data-title=\"Was bedeutet \u201eNutzfl\u00e4che\u201c?\" data-title-open=\"\" data-aria_collapsed=\"Click to expand: Was bedeutet \u201eNutzfl\u00e4che\u201c?\" data-aria_expanded=\"Click to collapse: Was bedeutet \u201eNutzfl\u00e4che\u201c?\">Was bedeutet \u201eNutzfl\u00e4che\u201c?<span class=\"toggle_icon\"><span class=\"vert_icon\"><\/span><span class=\"hor_icon\"><\/span><\/span><\/p><div id='toggle-id-2' aria-labelledby='toggle-toggle-id-2' role='region' class='toggle_wrap  av-title-above'  ><div class='toggle_content invers-color av-inherit-border-color'  itemprop=\"text\" ><p>Eine Fl\u00e4che mit einer Mindestbreite von 30 cm, einem maximalen Gef\u00e4lle von 14 Prozent und einer Mindesth\u00f6he von 45 cm. Die Brutpl\u00e4tze sind nicht Teil der Nutzfl\u00e4che.<\/p>\n<\/div><\/div><\/div><\/section>\n<section class='av_toggle_section av-av_toggle-a3d1482b0a6e99f94822e39ee3a16869'  itemscope=\"itemscope\" itemtype=\"https:\/\/schema.org\/CreativeWork\" ><div role=\"tablist\" class=\"single_toggle\" data-tags=\"{Alle} \"  ><p id='toggle-toggle-id-3' data-fake-id='#toggle-id-3' class='toggler  av-title-above av-inherit-border-color'  itemprop=\"headline\"  role='tab' tabindex='0' aria-controls='toggle-id-3' data-slide-speed=\"200\" data-title=\"Kann ich eine Landwirtschaft f\u00fcr kommerzieller Legetiere ohne Lattenrost betreiben?\" data-title-open=\"\" data-aria_collapsed=\"Click to expand: Kann ich eine Landwirtschaft f\u00fcr kommerzieller Legetiere ohne Lattenrost betreiben?\" data-aria_expanded=\"Click to collapse: Kann ich eine Landwirtschaft f\u00fcr kommerzieller Legetiere ohne Lattenrost betreiben?\">Kann ich eine Landwirtschaft f\u00fcr kommerzieller Legetiere ohne Lattenrost betreiben?<span class=\"toggle_icon\"><span class=\"vert_icon\"><\/span><span class=\"hor_icon\"><\/span><\/span><\/p><div id='toggle-id-3' aria-labelledby='toggle-toggle-id-3' role='region' class='toggle_wrap  av-title-above'  ><div class='toggle_content invers-color av-inherit-border-color'  itemprop=\"text\" ><p>NEIN, die Sitzstange ist nicht obligatorisch, aber es ist obligatorisch, 15 cm Sitzplatz pro Vogel\/Henne (18 cm, wenn BIOBETRIEB) zu haben, und die Sitzstangen m\u00fcssen \u00fcber dem Lattenbereich installiert werden. Bitte beachten Sie, dass mindestens ein Drittel der gesamten Nutzfl\u00e4che eingestreut sein muss.<\/p>\n<\/div><\/div><\/div><\/section>\n<section class='av_toggle_section av-av_toggle-0d071a4517bfa6a1940f16985903a2b0'  itemscope=\"itemscope\" itemtype=\"https:\/\/schema.org\/CreativeWork\" ><div role=\"tablist\" class=\"single_toggle\" data-tags=\"{Alle} \"  ><p id='toggle-toggle-id-4' data-fake-id='#toggle-id-4' class='toggler  av-title-above av-inherit-border-color'  itemprop=\"headline\"  role='tab' tabindex='0' aria-controls='toggle-id-4' data-slide-speed=\"200\" data-title=\"Was sind die Hauptmerkmale der \u00f6kologische\/biologischen Tierhaltung?\" data-title-open=\"\" data-aria_collapsed=\"Click to expand: Was sind die Hauptmerkmale der \u00f6kologische\/biologischen Tierhaltung?\" data-aria_expanded=\"Click to collapse: Was sind die Hauptmerkmale der \u00f6kologische\/biologischen Tierhaltung?\">Was sind die Hauptmerkmale der \u00f6kologische\/biologischen Tierhaltung?<span class=\"toggle_icon\"><span class=\"vert_icon\"><\/span><span class=\"hor_icon\"><\/span><\/span><\/p><div id='toggle-id-4' aria-labelledby='toggle-toggle-id-4' role='region' class='toggle_wrap  av-title-above'  ><div class='toggle_content invers-color av-inherit-border-color'  itemprop=\"text\" ><p>Die \u00f6kologische\/biologischen Tierhaltung sollte eine enge Verbindung zum Land gew\u00e4hrleisten. Die Tierern\u00e4hrung stammt im Wesentlichen aus \u00f6kologischem Anbau und zu mindestens 50% aus dem Betrieb, auf dem die Tiere gehalten werden, oder wird in Zusammenarbeit mit anderen \u00f6kologischen Betrieben vor Ort erzeugt.<br \/>\nDie \u00f6kologische\/biologischen Tierhaltung hat im \u00f6kologischen Landbau eine wichtige Bedeutung in Bezug auf die Zugabe von organischen Stoffen und N\u00e4hrstoffen, die f\u00fcr Nutzpflanzen n\u00fctzlich sind. Die Anzahl der Tiere muss dem Unternehmen und\/oder der Umgebung angemessen sein, um sicherzustellen, dass die Dungausbringung und die Ausbreitung ordnungsgem\u00e4\u00df erfolgt.<br \/>\nDie \u00f6kologische\/biologischen Tierhaltung sollte das Wohlergehen der Tiere gew\u00e4hrleisten. In dieser Hinsicht sind die Tierhaltungspraktiken, die Haltungsbedingungen, die Wahl der Viehart, die Anzahl der Tiere im Zuchtprogramm und die Produktionszyklen verschiedener Tierarten wichtig. Dies muss beinhalten, dass das Tier nach M\u00f6glichkeit Zugang zu Auslauf- oder Weidefl\u00e4chen erh\u00e4lt.<br \/>\nZu Beginn der Umstellung auf \u00f6kologische Tierhaltung und die daraus gewonnenen Erzeugnisse gelten Tiere als \u00f6kologisch nach Einhaltung der erforderlichen Frist, die je nach Tierart und Herstellungsart variiert. Tiere, die in \u00f6kologischen Betrieben geboren und aufgewachsen sind, gelten als \u00f6kologisch.<br \/>\nBei der ersten Erstellung einer Herde kann ein junges, nicht \u00f6kologisches Tier eingef\u00fchrt werden, das nach dem Absetzen \u00f6kologisch aufgezogen wurde.<\/p>\n<\/div><\/div><\/div><\/section>\n<section class='av_toggle_section av-av_toggle-e4d5c5144daf92e9df2ceb30cc39621f'  itemscope=\"itemscope\" itemtype=\"https:\/\/schema.org\/CreativeWork\" ><div role=\"tablist\" class=\"single_toggle\" data-tags=\"{Alle} \"  ><p id='toggle-toggle-id-5' data-fake-id='#toggle-id-5' class='toggler  av-title-above av-inherit-border-color'  itemprop=\"headline\"  role='tab' tabindex='0' aria-controls='toggle-id-5' data-slide-speed=\"200\" data-title=\"Wie werden die Tiere aufgezogen?\" data-title-open=\"\" data-aria_collapsed=\"Click to expand: Wie werden die Tiere aufgezogen?\" data-aria_expanded=\"Click to collapse: Wie werden die Tiere aufgezogen?\">Wie werden die Tiere aufgezogen?<span class=\"toggle_icon\"><span class=\"vert_icon\"><\/span><span class=\"hor_icon\"><\/span><\/span><\/p><div id='toggle-id-5' aria-labelledby='toggle-toggle-id-5' role='region' class='toggle_wrap  av-title-above'  ><div class='toggle_content invers-color av-inherit-border-color'  itemprop=\"text\" ><p>Die Tiere werden auf m\u00f6glichst nat\u00fcrliche Weise aufgezogen. Dies, um ihre nat\u00fcrlichen Bed\u00fcrfnisse zu befriedigen und ihr nat\u00fcrliches Verhalten zu erm\u00f6glichen. Freilandhaltung ist im \u00f6kologischen Landbau vorherrschend. Sich frei zu bewegen, ihr eigenes Futter zu w\u00e4hlen und soziale Kontakte zu haben, sind Grundbed\u00fcrfnisse aller Tiere. Andere Aktivit\u00e4ten sollten Erkunden, Wurzeln (Schweine), Weiden (Rinder), Scharren oder Sandbad (H\u00fchner) umfassen. Ein Sandbad zu nehmen ist zum Beispiel nicht nur ein Ritual, sondern erm\u00f6glicht es den H\u00fchnern, Parasiten zu beseitigen. Die Parameter dieser Art der Landwirtschaft sind durch europ\u00e4ische Gesetze festgelegt.<\/p>\n<\/div><\/div><\/div><\/section>\n<section class='av_toggle_section av-av_toggle-b9551040c1ab646e7dc0ac18cf679a9f'  itemscope=\"itemscope\" itemtype=\"https:\/\/schema.org\/CreativeWork\" ><div role=\"tablist\" class=\"single_toggle\" data-tags=\"{Alle} \"  ><p id='toggle-toggle-id-6' data-fake-id='#toggle-id-6' class='toggler  av-title-above av-inherit-border-color'  itemprop=\"headline\"  role='tab' tabindex='0' aria-controls='toggle-id-6' data-slide-speed=\"200\" data-title=\"Was sind die Hauptunterschiede zur traditionellen Viehzucht?\" data-title-open=\"\" data-aria_collapsed=\"Click to expand: Was sind die Hauptunterschiede zur traditionellen Viehzucht?\" data-aria_expanded=\"Click to collapse: Was sind die Hauptunterschiede zur traditionellen Viehzucht?\">Was sind die Hauptunterschiede zur traditionellen Viehzucht?<span class=\"toggle_icon\"><span class=\"vert_icon\"><\/span><span class=\"hor_icon\"><\/span><\/span><\/p><div id='toggle-id-6' aria-labelledby='toggle-toggle-id-6' role='region' class='toggle_wrap  av-title-above'  ><div class='toggle_content invers-color av-inherit-border-color'  itemprop=\"text\" ><p><strong>Die Tiere haben mehr Platz zur Verf\u00fcgung.<\/strong><\/p>\n<p>Im Vergleich zu herk\u00f6mmlichen Landwirtschaftsbetrieben bieten Bio-Betriebe viel mehr Platz f\u00fcr die Tiere, um den unterschiedlichen Bed\u00fcrfnissen gerecht zu werden, wie Essen, Schlafen, Putzen, Koten. Die Gr\u00f6\u00dfe der Tiergruppen sollte reduziert werden, um Stress und Kannibalismus zu vermeiden.<\/p>\n<p><strong>Die Tiere haben Zugang zu Au\u00dfenbereichen und dem Sonnenlicht.<\/strong><\/p>\n<p><strong>Die Tiere werden mit Bio-Futter gef\u00fcttert.<\/strong><\/p>\n<p>Ziel ist es, ein hohes Ma\u00df an Tierschutz und Respekt f\u00fcr die Umwelt zu gew\u00e4hrleisten, den Konsum von Medikamenten einzuschr\u00e4nken und ein gesundes Produkt ohne R\u00fcckst\u00e4nde von Medikamenten oder Pestiziden zu erhalten. Zertifizierte Biobauern m\u00fcssen Daten zu Fortpflanzung, Ern\u00e4hrung, medizinischer Behandlung, Produktion, Schlachtung und Vermarktung aufzeichnen. Diese Vorg\u00e4nge erm\u00f6glichen die R\u00fcckverfolgbarkeit von Bio-Produkten tierischen Ursprungs. Die Anforderungen an die Datenaufzeichnung f\u00fcr herk\u00f6mmliche Produkte sind nicht vergleichbar.<\/p>\n<p>Alle diese Ma\u00dfnahmen stellen sicher, dass tierische Produkte (Milch, Eier, Fleisch) von Tieren, die unter Bedingungen eines hohen Wohlbefindens aufgezogen wurden und weniger R\u00fcckst\u00e4nde von Pestiziden und Medikamenten enthalten als Tiere und Produkte aus herk\u00f6mmlichen Betrieben, auf die Ursprungsbetriebe zur\u00fcckgef\u00fchrt werden k\u00f6nnen. Dies gew\u00e4hrleistet die Transparenz der Produktionskette und erm\u00f6glicht es, bei Vorkommnissen wie Lebensmittelvergiftungen die erforderlichen Ma\u00dfnahmen zu ergreifen.<\/p>\n<\/div><\/div><\/div><\/section>\n<\/div><\/div>\n","protected":false},"excerpt":{"rendered":"","protected":false},"author":1,"featured_media":0,"parent":0,"menu_order":0,"comment_status":"closed","ping_status":"closed","template":"","meta":{"footnotes":""},"class_list":["post-4263","page","type-page","status-publish","hentry"],"yoast_head":"<!-- This site is optimized with the Yoast SEO plugin v23.4 - https:\/\/yoast.com\/wordpress\/plugins\/seo\/ -->\n<title>FAQ - SKA Poultry Equipment<\/title>\n<meta name=\"description\" content=\"Domande frequenti sugli impianti per l&#039;allevamento avicolo a terra.\" \/>\n<meta name=\"robots\" content=\"index, follow, max-snippet:-1, max-image-preview:large, max-video-preview:-1\" \/>\n<link rel=\"canonical\" href=\"https:\/\/skapoultryequipment.com\/de\/faq\/\" \/>\n<meta property=\"og:locale\" content=\"de_DE\" \/>\n<meta property=\"og:type\" content=\"article\" \/>\n<meta property=\"og:title\" content=\"FAQ - SKA Poultry Equipment\" \/>\n<meta property=\"og:description\" content=\"Domande frequenti sugli impianti per l&#039;allevamento avicolo a terra.\" \/>\n<meta property=\"og:url\" content=\"https:\/\/skapoultryequipment.com\/de\/faq\/\" \/>\n<meta property=\"og:site_name\" content=\"SKA Poultry Equipment\" \/>\n<meta property=\"article:modified_time\" content=\"2021-01-07T15:52:28+00:00\" \/>\n<meta name=\"twitter:card\" content=\"summary_large_image\" \/>\n<meta name=\"twitter:label1\" content=\"Gesch\u00e4tzte Lesezeit\" \/>\n\t<meta name=\"twitter:data1\" content=\"7\u00a0Minuten\" \/>\n<script type=\"application\/ld+json\" class=\"yoast-schema-graph\">{\"@context\":\"https:\/\/schema.org\",\"@graph\":[{\"@type\":\"WebPage\",\"@id\":\"https:\/\/skapoultryequipment.com\/de\/faq\/\",\"url\":\"https:\/\/skapoultryequipment.com\/de\/faq\/\",\"name\":\"FAQ - SKA Poultry Equipment\",\"isPartOf\":{\"@id\":\"https:\/\/skapoultryequipment.com\/#website\"},\"datePublished\":\"2020-09-21T12:12:37+00:00\",\"dateModified\":\"2021-01-07T15:52:28+00:00\",\"description\":\"Domande frequenti sugli impianti per l'allevamento avicolo a terra.\",\"breadcrumb\":{\"@id\":\"https:\/\/skapoultryequipment.com\/de\/faq\/#breadcrumb\"},\"inLanguage\":\"de\",\"potentialAction\":[{\"@type\":\"ReadAction\",\"target\":[\"https:\/\/skapoultryequipment.com\/de\/faq\/\"]}]},{\"@type\":\"BreadcrumbList\",\"@id\":\"https:\/\/skapoultryequipment.com\/de\/faq\/#breadcrumb\",\"itemListElement\":[{\"@type\":\"ListItem\",\"position\":1,\"name\":\"Home\",\"item\":\"https:\/\/skapoultryequipment.com\/de\/home\/\"},{\"@type\":\"ListItem\",\"position\":2,\"name\":\"FAQ\"}]},{\"@type\":\"WebSite\",\"@id\":\"https:\/\/skapoultryequipment.com\/#website\",\"url\":\"https:\/\/skapoultryequipment.com\/\",\"name\":\"SKA Poultry Equipment\",\"description\":\"SKA azienda leader nel settore della progettazione e produzione di impianti ed attrezzature per l&#039;allevamento avicolo a terra.\",\"publisher\":{\"@id\":\"https:\/\/skapoultryequipment.com\/#organization\"},\"potentialAction\":[{\"@type\":\"SearchAction\",\"target\":{\"@type\":\"EntryPoint\",\"urlTemplate\":\"https:\/\/skapoultryequipment.com\/?s={search_term_string}\"},\"query-input\":{\"@type\":\"PropertyValueSpecification\",\"valueRequired\":true,\"valueName\":\"search_term_string\"}}],\"inLanguage\":\"de\"},{\"@type\":\"Organization\",\"@id\":\"https:\/\/skapoultryequipment.com\/#organization\",\"name\":\"SKA S.r.l.\",\"url\":\"https:\/\/skapoultryequipment.com\/\",\"logo\":{\"@type\":\"ImageObject\",\"inLanguage\":\"de\",\"@id\":\"https:\/\/skapoultryequipment.com\/#\/schema\/logo\/image\/\",\"url\":\"https:\/\/skapoultryequipment.com\/wp-content\/uploads\/2020\/09\/logo-SKA.png\",\"contentUrl\":\"https:\/\/skapoultryequipment.com\/wp-content\/uploads\/2020\/09\/logo-SKA.png\",\"width\":183,\"height\":183,\"caption\":\"SKA S.r.l.\"},\"image\":{\"@id\":\"https:\/\/skapoultryequipment.com\/#\/schema\/logo\/image\/\"}}]}<\/script>\n<!-- \/ Yoast SEO plugin. -->","yoast_head_json":{"title":"FAQ - SKA Poultry Equipment","description":"Domande frequenti sugli impianti per l'allevamento avicolo a terra.","robots":{"index":"index","follow":"follow","max-snippet":"max-snippet:-1","max-image-preview":"max-image-preview:large","max-video-preview":"max-video-preview:-1"},"canonical":"https:\/\/skapoultryequipment.com\/de\/faq\/","og_locale":"de_DE","og_type":"article","og_title":"FAQ - SKA Poultry Equipment","og_description":"Domande frequenti sugli impianti per l'allevamento avicolo a terra.","og_url":"https:\/\/skapoultryequipment.com\/de\/faq\/","og_site_name":"SKA Poultry Equipment","article_modified_time":"2021-01-07T15:52:28+00:00","twitter_card":"summary_large_image","twitter_misc":{"Gesch\u00e4tzte Lesezeit":"7\u00a0Minuten"},"schema":{"@context":"https:\/\/schema.org","@graph":[{"@type":"WebPage","@id":"https:\/\/skapoultryequipment.com\/de\/faq\/","url":"https:\/\/skapoultryequipment.com\/de\/faq\/","name":"FAQ - SKA Poultry Equipment","isPartOf":{"@id":"https:\/\/skapoultryequipment.com\/#website"},"datePublished":"2020-09-21T12:12:37+00:00","dateModified":"2021-01-07T15:52:28+00:00","description":"Domande frequenti sugli impianti per l'allevamento avicolo a terra.","breadcrumb":{"@id":"https:\/\/skapoultryequipment.com\/de\/faq\/#breadcrumb"},"inLanguage":"de","potentialAction":[{"@type":"ReadAction","target":["https:\/\/skapoultryequipment.com\/de\/faq\/"]}]},{"@type":"BreadcrumbList","@id":"https:\/\/skapoultryequipment.com\/de\/faq\/#breadcrumb","itemListElement":[{"@type":"ListItem","position":1,"name":"Home","item":"https:\/\/skapoultryequipment.com\/de\/home\/"},{"@type":"ListItem","position":2,"name":"FAQ"}]},{"@type":"WebSite","@id":"https:\/\/skapoultryequipment.com\/#website","url":"https:\/\/skapoultryequipment.com\/","name":"SKA Poultry Equipment","description":"SKA azienda leader nel settore della progettazione e produzione di impianti ed attrezzature per l&#039;allevamento avicolo a terra.","publisher":{"@id":"https:\/\/skapoultryequipment.com\/#organization"},"potentialAction":[{"@type":"SearchAction","target":{"@type":"EntryPoint","urlTemplate":"https:\/\/skapoultryequipment.com\/?s={search_term_string}"},"query-input":{"@type":"PropertyValueSpecification","valueRequired":true,"valueName":"search_term_string"}}],"inLanguage":"de"},{"@type":"Organization","@id":"https:\/\/skapoultryequipment.com\/#organization","name":"SKA S.r.l.","url":"https:\/\/skapoultryequipment.com\/","logo":{"@type":"ImageObject","inLanguage":"de","@id":"https:\/\/skapoultryequipment.com\/#\/schema\/logo\/image\/","url":"https:\/\/skapoultryequipment.com\/wp-content\/uploads\/2020\/09\/logo-SKA.png","contentUrl":"https:\/\/skapoultryequipment.com\/wp-content\/uploads\/2020\/09\/logo-SKA.png","width":183,"height":183,"caption":"SKA S.r.l."},"image":{"@id":"https:\/\/skapoultryequipment.com\/#\/schema\/logo\/image\/"}}]}},"_links":{"self":[{"href":"https:\/\/skapoultryequipment.com\/de\/wp-json\/wp\/v2\/pages\/4263"}],"collection":[{"href":"https:\/\/skapoultryequipment.com\/de\/wp-json\/wp\/v2\/pages"}],"about":[{"href":"https:\/\/skapoultryequipment.com\/de\/wp-json\/wp\/v2\/types\/page"}],"author":[{"embeddable":true,"href":"https:\/\/skapoultryequipment.com\/de\/wp-json\/wp\/v2\/users\/1"}],"replies":[{"embeddable":true,"href":"https:\/\/skapoultryequipment.com\/de\/wp-json\/wp\/v2\/comments?post=4263"}],"version-history":[{"count":0,"href":"https:\/\/skapoultryequipment.com\/de\/wp-json\/wp\/v2\/pages\/4263\/revisions"}],"wp:attachment":[{"href":"https:\/\/skapoultryequipment.com\/de\/wp-json\/wp\/v2\/media?parent=4263"}],"curies":[{"name":"wp","href":"https:\/\/api.w.org\/{rel}","templated":true}]}}