{"id":3418,"date":"2020-09-21T11:45:53","date_gmt":"2020-09-21T11:45:53","guid":{"rendered":"http:\/\/skapoultryequipment.com\/prodotti-avicoli\/"},"modified":"2022-04-04T15:14:19","modified_gmt":"2022-04-04T15:14:19","slug":"productos-avicola","status":"publish","type":"page","link":"https:\/\/skapoultryequipment.com\/es\/productos-avicola\/","title":{"rendered":"Equipos avicolas"},"content":{"rendered":"\n<style type=\"text\/css\" data-created_by=\"avia_inline_auto\" id=\"style-css-av-kfs0cfdl-65b02bd7a080c1e0f70b6e0c66c61bf3\">\n.avia-section.av-kfs0cfdl-65b02bd7a080c1e0f70b6e0c66c61bf3{\nbackground-repeat:no-repeat;\nbackground-image:url(https:\/\/skapoultryequipment.com\/wp-content\/uploads\/2020\/11\/newheader-home.jpg);\nbackground-position:0% 0%;\nbackground-attachment:scroll;\n}\n.avia-section.av-kfs0cfdl-65b02bd7a080c1e0f70b6e0c66c61bf3 .av-section-color-overlay{\nopacity:0.4;\nbackground-color:#0a0a0a;\n}\n<\/style>\n<div id='av_section_1'  class='avia-section av-kfs0cfdl-65b02bd7a080c1e0f70b6e0c66c61bf3 main_color avia-section-default avia-no-border-styling  avia-builder-el-0  el_before_av_section  avia-builder-el-first  avia-full-stretch avia-bg-style-scroll av-section-color-overlay-active container_wrap fullsize'  data-section-bg-repeat='stretch'><div class=\"av-section-color-overlay-wrap\"><div class=\"av-section-color-overlay\"><\/div><div class='container av-section-cont-open' ><main  role=\"main\" itemprop=\"mainContentOfPage\"  class='template-page content  av-content-full alpha units'><div class='post-entry post-entry-type-page post-entry-3418'><div class='entry-content-wrapper clearfix'>\n\n<style type=\"text\/css\" data-created_by=\"avia_inline_auto\" id=\"style-css-av-clkul-a62a8eb2d1f1d3e8714eff9ae2de85d6\">\n.flex_column.av-clkul-a62a8eb2d1f1d3e8714eff9ae2de85d6{\nborder-radius:0px 0px 0px 0px;\npadding:0px 0px 0px 0px;\n}\n<\/style>\n<div  class='flex_column av-clkul-a62a8eb2d1f1d3e8714eff9ae2de85d6 av_one_half  avia-builder-el-1  el_before_av_one_half  avia-builder-el-first  col-ban-azienda prodotti first av-break-at-tablet flex_column_div av-zero-column-padding  '     ><style type=\"text\/css\" data-created_by=\"avia_inline_auto\" id=\"style-css-av-kfs0djkj-fc4318a2325e730f04790afea8794c43\">\n#top .av_textblock_section.av-kfs0djkj-fc4318a2325e730f04790afea8794c43 .avia_textblock{\ncolor:#ffffff;\n}\n<\/style>\n<section  class='av_textblock_section av-kfs0djkj-fc4318a2325e730f04790afea8794c43 '   itemscope=\"itemscope\" itemtype=\"https:\/\/schema.org\/CreativeWork\" ><div class='avia_textblock tit-ban-azienda av_inherit_color'  itemprop=\"text\" ><h1><b>SKA: equipamiento para granjas av\u00edcolas desde 1954<\/b><\/h1>\n<p><span style=\"font-weight: 400;\">SKA trabaja en el sector de los productos para <strong>avicultura<\/strong> sobre el suelo y ecol\u00f3gicas desde hace d\u00e9cadas. Nuestro enfoque se basa en el estudio del comportamiento de los animales, para poder ofrecer siempre soluciones que satisfacen las necesidades del ciclo de vida de los ejemplares de la granja.<\/span><\/p>\n<p><span style=\"font-weight: 400;\">Todos nuestros<strong> equipos para granjas av\u00edcolas<\/strong> son Made in Italy: creemos que la calidad de los materiales contribuye decisivamente al rendimiento del producto final.<\/span><\/p>\n<p><span style=\"font-weight: 400;\">Personalizamos las ofertas en funci\u00f3n de las caracter\u00edsticas de la cr\u00eda, consideramos las dimensiones y el tipo de animales, las condiciones clim\u00e1ticas del lugar y las necesidades del cliente: todo esto, de conformidad con las normas vigentes.<\/span><\/p>\n<\/div><\/section><br \/>\n<div  class='avia-button-wrap av-kfe1sawt-addb3e9e786310430e9427b602d3c487-wrap avia-button-left  avia-builder-el-3  el_after_av_textblock  avia-builder-el-last '><a href='https:\/\/skapoultryequipment.com\/es\/contactos\/'  class='avia-button av-kfe1sawt-addb3e9e786310430e9427b602d3c487 av-link-btn avia-icon_select-no avia-size-large avia-position-left avia-color-theme-color'   aria-label=\"Solicite informaci\u00f3n\"><span class='avia_iconbox_title' >Solicite informaci\u00f3n<\/span><\/a><\/div><\/p><\/div>\n<style type=\"text\/css\" data-created_by=\"avia_inline_auto\" id=\"style-css-av-9gpkt-6cc6fca2edf9d4a7b9b982230e99d149\">\n.flex_column.av-9gpkt-6cc6fca2edf9d4a7b9b982230e99d149{\nborder-radius:0px 0px 0px 0px;\npadding:0px 0px 0px 0px;\n}\n<\/style>\n<div  class='flex_column av-9gpkt-6cc6fca2edf9d4a7b9b982230e99d149 av_one_half  avia-builder-el-4  el_after_av_one_half  avia-builder-el-last  av-break-at-tablet flex_column_div av-zero-column-padding  '     ><\/div><\/div><\/div><\/main><!-- close content main element --><\/div><\/div><\/div><div id='av_section_2'  class='avia-section av-kfsamdr6-57b6860fed03b18771917b6c6826b6f1 main_color avia-section-large avia-no-border-styling  avia-builder-el-5  el_after_av_section  el_before_av_section  avia-bg-style-scroll container_wrap fullsize'  ><div class='container av-section-cont-open' ><div class='template-page content  av-content-full alpha units'><div class='post-entry post-entry-type-page post-entry-3418'><div class='entry-content-wrapper clearfix'>\n\n<style type=\"text\/css\" data-created_by=\"avia_inline_auto\" id=\"style-css-av-12up8-e82e60da4e7938fac3b3c10fb04fbf49\">\n.flex_column.av-12up8-e82e60da4e7938fac3b3c10fb04fbf49{\nborder-radius:0px 0px 0px 0px;\npadding:0px 0px 0px 0px;\n}\n<\/style>\n<div  class='flex_column av-12up8-e82e60da4e7938fac3b3c10fb04fbf49 av_one_full  avia-builder-el-6  avia-builder-el-no-sibling  first flex_column_div av-zero-column-padding  '     ><section  class='av_textblock_section av-kfsalb5e-7707e1164a2ff7beb7f9ebc984b33108 '   itemscope=\"itemscope\" itemtype=\"https:\/\/schema.org\/CreativeWork\" ><div class='avia_textblock'  itemprop=\"text\" ><h2>Equipos para la avicultura: todos nuestros productos<\/h2>\n<p><span style=\"font-weight: 400;\">Los <\/span><b>equipos para granjas av\u00edcolas<\/b><span style=\"font-weight: 400;\"> de SKA son adecuados para todo tipo de animales: pollos de engorde, aves de reproducci\u00f3n, pavos, gallinas ponedoras, as\u00ed como patos, codornices y otras aves, en todas las fases de su crecimiento. La altura de las l\u00edneas de alimentaci\u00f3n y abrevadero es regulable, gracias a un mecanismo autom\u00e1tico que reduce los costes de la mano de obra y los plazos. <\/span><span style=\"font-weight: 400;\">Nuestros modelos de comederos de bandeja y de cadena son antidesperdicios, gracias a un dise\u00f1o innovador que permite que los animales puedan acceder f\u00e1cilmente.<\/span><\/p>\n<p><span style=\"font-weight: 400;\">Para garantizar el bienestar de los animales y<\/span><b> optimizar la productividad<\/b><span style=\"font-weight: 400;\">, ponemos a disposici\u00f3n sistemas de climatizaci\u00f3n equipados con extractores, paneles de refrigeraci\u00f3n y generadores de aire caliente y una red de iluminaci\u00f3n con puntos luminosos con intensidad regulable. Los sistemas garantizan una alta automatizaci\u00f3n y ofrecen la posibilidad de ser manejados remotamente, a trav\u00e9s de modernos controladores. Es posible incluir la instalaci\u00f3n de los equipos en nuestro <\/span><b>servicio llave en mano<\/b><span style=\"font-weight: 400;\">. Estamos disponibles para proporcionarle m\u00e1s informaci\u00f3n sobre nuestros productos.<\/span><\/p>\n<\/div><\/section><br \/>\n\n<style type=\"text\/css\" data-created_by=\"avia_inline_auto\" id=\"style-css-av-kfsankwi-6b6aca7db402ae2c756ccfb42fc39166\">\n#top .hr.hr-invisible.av-kfsankwi-6b6aca7db402ae2c756ccfb42fc39166{\nheight:20px;\n}\n<\/style>\n<div  class='hr av-kfsankwi-6b6aca7db402ae2c756ccfb42fc39166 hr-invisible  avia-builder-el-8  el_after_av_textblock  el_before_av_textblock '><span class='hr-inner '><span class=\"hr-inner-style\"><\/span><\/span><\/div><br \/>\n<section  class='av_textblock_section av-kfsalb5e-369aeece56405db477288fc3df86f57d '   itemscope=\"itemscope\" itemtype=\"https:\/\/schema.org\/CreativeWork\" ><div class='avia_textblock'  itemprop=\"text\" ><h3>Seleccione seg\u00fan el tipo de cr\u00eda<\/h3>\n<\/div><\/section><br \/>\n\n<style type=\"text\/css\" data-created_by=\"avia_inline_auto\" id=\"style-css-av-kfscqo6o-60c2aa8b937015689d4f8856149caf47\">\n#top .hr.hr-invisible.av-kfscqo6o-60c2aa8b937015689d4f8856149caf47{\nheight:5px;\n}\n<\/style>\n<div  class='hr av-kfscqo6o-60c2aa8b937015689d4f8856149caf47 hr-invisible  avia-builder-el-10  el_after_av_textblock  el_before_av_codeblock '><span class='hr-inner '><span class=\"hr-inner-style\"><\/span><\/span><\/div><br \/>\n<\/p><\/div><\/div><\/div><\/div><!-- close content main div --><\/div><\/div>\n<style type=\"text\/css\" data-created_by=\"avia_inline_auto\" id=\"style-css-av-kfsamdr6-1f640cc5fc58b13f7d9e9225ab327360\">\n.avia-section.av-kfsamdr6-1f640cc5fc58b13f7d9e9225ab327360{\nbackground-color:#f4f4f4;\nbackground-image:unset;\n}\n<\/style>\n<div id='av_section_3'  class='avia-section av-kfsamdr6-1f640cc5fc58b13f7d9e9225ab327360 main_color avia-section-large avia-no-border-styling  avia-builder-el-12  el_after_av_section  avia-builder-el-last  avia-bg-style-scroll container_wrap fullsize'  ><div class='container av-section-cont-open' ><div class='template-page content  av-content-full alpha units'><div class='post-entry post-entry-type-page post-entry-3418'><div class='entry-content-wrapper clearfix'>\n\n<style type=\"text\/css\" data-created_by=\"avia_inline_auto\" id=\"style-css-av-12up8-e82e60da4e7938fac3b3c10fb04fbf49\">\n.flex_column.av-12up8-e82e60da4e7938fac3b3c10fb04fbf49{\nborder-radius:0px 0px 0px 0px;\npadding:0px 0px 0px 0px;\n}\n<\/style>\n<div  class='flex_column av-12up8-e82e60da4e7938fac3b3c10fb04fbf49 av_one_full  avia-builder-el-13  avia-builder-el-no-sibling  first flex_column_div av-zero-column-padding  '     ><section  class='av_textblock_section av-kfsalb5e-369aeece56405db477288fc3df86f57d '   itemscope=\"itemscope\" itemtype=\"https:\/\/schema.org\/CreativeWork\" ><div class='avia_textblock'  itemprop=\"text\" ><h3>Seleccione seg\u00fan el tipo de producto<\/h3>\n<\/div><\/section><br \/>\n\n<style type=\"text\/css\" data-created_by=\"avia_inline_auto\" id=\"style-css-av-kfscqo6o-60c2aa8b937015689d4f8856149caf47\">\n#top .hr.hr-invisible.av-kfscqo6o-60c2aa8b937015689d4f8856149caf47{\nheight:5px;\n}\n<\/style>\n<div  class='hr av-kfscqo6o-60c2aa8b937015689d4f8856149caf47 hr-invisible  avia-builder-el-15  el_after_av_textblock  el_before_av_codeblock '><span class='hr-inner '><span class=\"hr-inner-style\"><\/span><\/span><\/div><br \/>\n<\/p><\/div>\n<\/p>\n","protected":false},"excerpt":{"rendered":"","protected":false},"author":1,"featured_media":0,"parent":0,"menu_order":0,"comment_status":"closed","ping_status":"closed","template":"","meta":{"footnotes":""},"class_list":["post-3418","page","type-page","status-publish","hentry"],"yoast_head":"<!-- This site is optimized with the Yoast SEO plugin v23.4 - https:\/\/yoast.com\/wordpress\/plugins\/seo\/ -->\n<title>Equipamiento para granjas avicolas - Equipos avicolas - Equipos para granjas av\u00edcolas - SKA Poultry Equipment<\/title>\n<meta name=\"description\" content=\"Equipos avicolas \u27a4 SKA dise\u00f1a y fabrica equipamiento para granjas avicolas \u2714\ufe0fConstrucci\u00f3n y venta \u2714\ufe0f Construccion de equipos para granjas av\u00edcolas llave en mano\" \/>\n<meta name=\"robots\" content=\"index, follow, max-snippet:-1, max-image-preview:large, max-video-preview:-1\" \/>\n<link rel=\"canonical\" href=\"https:\/\/skapoultryequipment.com\/es\/productos-avicola\/\" \/>\n<meta property=\"og:locale\" content=\"es_ES\" \/>\n<meta property=\"og:type\" content=\"article\" \/>\n<meta property=\"og:title\" content=\"Equipamiento para granjas avicolas - Equipos avicolas - Equipos para granjas av\u00edcolas - SKA Poultry Equipment\" \/>\n<meta property=\"og:description\" content=\"Equipos avicolas \u27a4 SKA dise\u00f1a y fabrica equipamiento para granjas avicolas \u2714\ufe0fConstrucci\u00f3n y venta \u2714\ufe0f Construccion de equipos para granjas av\u00edcolas llave en mano\" \/>\n<meta property=\"og:url\" content=\"https:\/\/skapoultryequipment.com\/es\/productos-avicola\/\" \/>\n<meta property=\"og:site_name\" content=\"SKA Poultry Equipment\" \/>\n<meta property=\"article:modified_time\" content=\"2022-04-04T15:14:19+00:00\" \/>\n<meta property=\"og:image\" content=\"https:\/\/skapoultryequipment.com\/wp-content\/uploads\/2020\/10\/polli-carne-r.png\" \/>\n<meta name=\"twitter:card\" content=\"summary_large_image\" \/>\n<meta name=\"twitter:label1\" content=\"Tiempo de lectura\" \/>\n\t<meta name=\"twitter:data1\" content=\"8 minutos\" \/>\n<script type=\"application\/ld+json\" class=\"yoast-schema-graph\">{\"@context\":\"https:\/\/schema.org\",\"@graph\":[{\"@type\":\"WebPage\",\"@id\":\"https:\/\/skapoultryequipment.com\/es\/productos-avicola\/\",\"url\":\"https:\/\/skapoultryequipment.com\/es\/productos-avicola\/\",\"name\":\"Equipamiento para granjas avicolas - Equipos avicolas - Equipos para granjas av\u00edcolas - SKA Poultry Equipment\",\"isPartOf\":{\"@id\":\"https:\/\/skapoultryequipment.com\/#website\"},\"datePublished\":\"2020-09-21T11:45:53+00:00\",\"dateModified\":\"2022-04-04T15:14:19+00:00\",\"description\":\"Equipos avicolas \u27a4 SKA dise\u00f1a y fabrica equipamiento para granjas avicolas \u2714\ufe0fConstrucci\u00f3n y venta \u2714\ufe0f Construccion de equipos para granjas av\u00edcolas llave en mano\",\"breadcrumb\":{\"@id\":\"https:\/\/skapoultryequipment.com\/es\/productos-avicola\/#breadcrumb\"},\"inLanguage\":\"es\",\"potentialAction\":[{\"@type\":\"ReadAction\",\"target\":[\"https:\/\/skapoultryequipment.com\/es\/productos-avicola\/\"]}]},{\"@type\":\"BreadcrumbList\",\"@id\":\"https:\/\/skapoultryequipment.com\/es\/productos-avicola\/#breadcrumb\",\"itemListElement\":[{\"@type\":\"ListItem\",\"position\":1,\"name\":\"Home\",\"item\":\"https:\/\/skapoultryequipment.com\/es\/home\/\"},{\"@type\":\"ListItem\",\"position\":2,\"name\":\"Equipos avicolas\"}]},{\"@type\":\"WebSite\",\"@id\":\"https:\/\/skapoultryequipment.com\/#website\",\"url\":\"https:\/\/skapoultryequipment.com\/\",\"name\":\"SKA Poultry Equipment\",\"description\":\"SKA azienda leader nel settore della progettazione e produzione di impianti ed attrezzature per l&#039;allevamento avicolo a terra.\",\"publisher\":{\"@id\":\"https:\/\/skapoultryequipment.com\/#organization\"},\"potentialAction\":[{\"@type\":\"SearchAction\",\"target\":{\"@type\":\"EntryPoint\",\"urlTemplate\":\"https:\/\/skapoultryequipment.com\/?s={search_term_string}\"},\"query-input\":{\"@type\":\"PropertyValueSpecification\",\"valueRequired\":true,\"valueName\":\"search_term_string\"}}],\"inLanguage\":\"es\"},{\"@type\":\"Organization\",\"@id\":\"https:\/\/skapoultryequipment.com\/#organization\",\"name\":\"SKA S.r.l.\",\"url\":\"https:\/\/skapoultryequipment.com\/\",\"logo\":{\"@type\":\"ImageObject\",\"inLanguage\":\"es\",\"@id\":\"https:\/\/skapoultryequipment.com\/#\/schema\/logo\/image\/\",\"url\":\"https:\/\/skapoultryequipment.com\/wp-content\/uploads\/2020\/09\/logo-SKA.png\",\"contentUrl\":\"https:\/\/skapoultryequipment.com\/wp-content\/uploads\/2020\/09\/logo-SKA.png\",\"width\":183,\"height\":183,\"caption\":\"SKA S.r.l.\"},\"image\":{\"@id\":\"https:\/\/skapoultryequipment.com\/#\/schema\/logo\/image\/\"}}]}<\/script>\n<!-- \/ Yoast SEO plugin. -->","yoast_head_json":{"title":"Equipamiento para granjas avicolas - Equipos avicolas - Equipos para granjas av\u00edcolas - SKA Poultry Equipment","description":"Equipos avicolas \u27a4 SKA dise\u00f1a y fabrica equipamiento para granjas avicolas \u2714\ufe0fConstrucci\u00f3n y venta \u2714\ufe0f Construccion de equipos para granjas av\u00edcolas llave en mano","robots":{"index":"index","follow":"follow","max-snippet":"max-snippet:-1","max-image-preview":"max-image-preview:large","max-video-preview":"max-video-preview:-1"},"canonical":"https:\/\/skapoultryequipment.com\/es\/productos-avicola\/","og_locale":"es_ES","og_type":"article","og_title":"Equipamiento para granjas avicolas - Equipos avicolas - Equipos para granjas av\u00edcolas - SKA Poultry Equipment","og_description":"Equipos avicolas \u27a4 SKA dise\u00f1a y fabrica equipamiento para granjas avicolas \u2714\ufe0fConstrucci\u00f3n y venta \u2714\ufe0f Construccion de equipos para granjas av\u00edcolas llave en mano","og_url":"https:\/\/skapoultryequipment.com\/es\/productos-avicola\/","og_site_name":"SKA Poultry Equipment","article_modified_time":"2022-04-04T15:14:19+00:00","og_image":[{"url":"https:\/\/skapoultryequipment.com\/wp-content\/uploads\/2020\/10\/polli-carne-r.png"}],"twitter_card":"summary_large_image","twitter_misc":{"Tiempo de lectura":"8 minutos"},"schema":{"@context":"https:\/\/schema.org","@graph":[{"@type":"WebPage","@id":"https:\/\/skapoultryequipment.com\/es\/productos-avicola\/","url":"https:\/\/skapoultryequipment.com\/es\/productos-avicola\/","name":"Equipamiento para granjas avicolas - Equipos avicolas - Equipos para granjas av\u00edcolas - SKA Poultry Equipment","isPartOf":{"@id":"https:\/\/skapoultryequipment.com\/#website"},"datePublished":"2020-09-21T11:45:53+00:00","dateModified":"2022-04-04T15:14:19+00:00","description":"Equipos avicolas \u27a4 SKA dise\u00f1a y fabrica equipamiento para granjas avicolas \u2714\ufe0fConstrucci\u00f3n y venta \u2714\ufe0f Construccion de equipos para granjas av\u00edcolas llave en mano","breadcrumb":{"@id":"https:\/\/skapoultryequipment.com\/es\/productos-avicola\/#breadcrumb"},"inLanguage":"es","potentialAction":[{"@type":"ReadAction","target":["https:\/\/skapoultryequipment.com\/es\/productos-avicola\/"]}]},{"@type":"BreadcrumbList","@id":"https:\/\/skapoultryequipment.com\/es\/productos-avicola\/#breadcrumb","itemListElement":[{"@type":"ListItem","position":1,"name":"Home","item":"https:\/\/skapoultryequipment.com\/es\/home\/"},{"@type":"ListItem","position":2,"name":"Equipos avicolas"}]},{"@type":"WebSite","@id":"https:\/\/skapoultryequipment.com\/#website","url":"https:\/\/skapoultryequipment.com\/","name":"SKA Poultry Equipment","description":"SKA azienda leader nel settore della progettazione e produzione di impianti ed attrezzature per l&#039;allevamento avicolo a terra.","publisher":{"@id":"https:\/\/skapoultryequipment.com\/#organization"},"potentialAction":[{"@type":"SearchAction","target":{"@type":"EntryPoint","urlTemplate":"https:\/\/skapoultryequipment.com\/?s={search_term_string}"},"query-input":{"@type":"PropertyValueSpecification","valueRequired":true,"valueName":"search_term_string"}}],"inLanguage":"es"},{"@type":"Organization","@id":"https:\/\/skapoultryequipment.com\/#organization","name":"SKA S.r.l.","url":"https:\/\/skapoultryequipment.com\/","logo":{"@type":"ImageObject","inLanguage":"es","@id":"https:\/\/skapoultryequipment.com\/#\/schema\/logo\/image\/","url":"https:\/\/skapoultryequipment.com\/wp-content\/uploads\/2020\/09\/logo-SKA.png","contentUrl":"https:\/\/skapoultryequipment.com\/wp-content\/uploads\/2020\/09\/logo-SKA.png","width":183,"height":183,"caption":"SKA S.r.l."},"image":{"@id":"https:\/\/skapoultryequipment.com\/#\/schema\/logo\/image\/"}}]}},"_links":{"self":[{"href":"https:\/\/skapoultryequipment.com\/es\/wp-json\/wp\/v2\/pages\/3418"}],"collection":[{"href":"https:\/\/skapoultryequipment.com\/es\/wp-json\/wp\/v2\/pages"}],"about":[{"href":"https:\/\/skapoultryequipment.com\/es\/wp-json\/wp\/v2\/types\/page"}],"author":[{"embeddable":true,"href":"https:\/\/skapoultryequipment.com\/es\/wp-json\/wp\/v2\/users\/1"}],"replies":[{"embeddable":true,"href":"https:\/\/skapoultryequipment.com\/es\/wp-json\/wp\/v2\/comments?post=3418"}],"version-history":[{"count":5,"href":"https:\/\/skapoultryequipment.com\/es\/wp-json\/wp\/v2\/pages\/3418\/revisions"}],"predecessor-version":[{"id":11951,"href":"https:\/\/skapoultryequipment.com\/es\/wp-json\/wp\/v2\/pages\/3418\/revisions\/11951"}],"wp:attachment":[{"href":"https:\/\/skapoultryequipment.com\/es\/wp-json\/wp\/v2\/media?parent=3418"}],"curies":[{"name":"wp","href":"https:\/\/api.w.org\/{rel}","templated":true}]}}