{"id":4264,"date":"2020-09-21T12:12:37","date_gmt":"2020-09-21T12:12:37","guid":{"rendered":"http:\/\/skapoultryequipment.com\/faq\/"},"modified":"2020-12-15T14:09:13","modified_gmt":"2020-12-15T14:09:13","slug":"faq","status":"publish","type":"page","link":"https:\/\/skapoultryequipment.com\/es\/faq\/","title":{"rendered":"FAQ"},"content":{"rendered":"<div id='av_section_1'  class='avia-section av-ngkeq-c89af42c939850d129480a601afd3bf1 main_color avia-section-default avia-no-border-styling  avia-builder-el-0  avia-builder-el-no-sibling  sez-01 avia-bg-style-scroll container_wrap fullsize'  ><div class='container av-section-cont-open' ><main  role=\"main\" itemprop=\"mainContentOfPage\"  class='template-page content  av-content-full alpha units'><div class='post-entry post-entry-type-page post-entry-4264'><div class='entry-content-wrapper clearfix'>\n\n<style type=\"text\/css\" data-created_by=\"avia_inline_auto\" id=\"style-css-av-1fttu-e47fb718ccf13800cf3b0b1810565a8b\">\n.flex_column.av-1fttu-e47fb718ccf13800cf3b0b1810565a8b{\nborder-radius:0px 0px 0px 0px;\npadding:0px 0px 0px 0px;\n}\n<\/style>\n<div  class='flex_column av-1fttu-e47fb718ccf13800cf3b0b1810565a8b av_one_full  avia-builder-el-1  el_before_av_one_full  avia-builder-el-first  first flex_column_div av-zero-column-padding  '     ><section  class='av_textblock_section av-kg2c9sda-de7c886254d515313e11180f2ab934cd '   itemscope=\"itemscope\" itemtype=\"https:\/\/schema.org\/CreativeWork\" ><div class='avia_textblock'  itemprop=\"text\" ><h1>FAQ<\/h1>\n<\/div><\/section><br \/>\n<section  class='av_textblock_section av-kg2cchwb-1d280fe1a123881a4b1c53f9902b2953 '   itemscope=\"itemscope\" itemtype=\"https:\/\/schema.org\/CreativeWork\" ><div class='avia_textblock'  itemprop=\"text\" ><p>Toda la informaci\u00f3n y asesoramiento sobre equipos para granjas con aves criadas en piso<\/p>\n<\/div><\/section><\/p><\/div>\n<style type=\"text\/css\" data-created_by=\"avia_inline_auto\" id=\"style-css-av-b2uvu-42c1e933a80534204ddd3bf72a66e059\">\n.flex_column.av-b2uvu-42c1e933a80534204ddd3bf72a66e059{\nborder-radius:0px 0px 0px 0px;\npadding:0px 0px 0px 0px;\n}\n<\/style>\n<div  class='flex_column av-b2uvu-42c1e933a80534204ddd3bf72a66e059 av_one_full  avia-builder-el-4  el_after_av_one_full  avia-builder-el-last  first flex_column_div av-zero-column-padding  column-top-margin'     ><style type=\"text\/css\" data-created_by=\"avia_inline_auto\" id=\"style-css-av-s6ks6-f7691a11a275f16ac01be5387713c965\">\n#top .togglecontainer.av-s6ks6-f7691a11a275f16ac01be5387713c965 p.toggler{\nborder-color:#e13522;\n}\n#top .togglecontainer.av-s6ks6-f7691a11a275f16ac01be5387713c965 p.toggler.activeTitle{\ncolor:#e13522;\nborder-color:#e13522;\n}\n#top .togglecontainer.av-s6ks6-f7691a11a275f16ac01be5387713c965 p.toggler:not(.activeTitle):hover{\ncolor:#ffffff;\nbackground-color:#e13522;\n}\n#top .togglecontainer.av-s6ks6-f7691a11a275f16ac01be5387713c965 p.toggler:not(.activeTitle):hover .toggle_icon, #top .togglecontainer.av-s6ks6-f7691a11a275f16ac01be5387713c965 p.toggler:not(.activeTitle):hover .toggle_icon *{\nborder-color:#ffffff !important;\n}\n#top .togglecontainer.av-s6ks6-f7691a11a275f16ac01be5387713c965 .toggle_wrap .toggle_content{\nborder-color:#e13522;\n}\n<\/style>\n<div  class='togglecontainer av-s6ks6-f7691a11a275f16ac01be5387713c965 av-minimal-toggle  avia-builder-el-5  avia-builder-el-no-sibling  accordion-custom toggle_close_all hasCurrentStyle' >\n<section class='av_toggle_section av-av_toggle-5382492a9dd6f5526e882d723fc6b2d8'  itemscope=\"itemscope\" itemtype=\"https:\/\/schema.org\/CreativeWork\" ><div role=\"tablist\" class=\"single_toggle\" data-tags=\"{Todo} \"  ><p id='toggle-toggle-id-1' data-fake-id='#toggle-id-1' class='toggler  av-title-above av-inherit-border-color'  itemprop=\"headline\"  role='tab' tabindex='0' aria-controls='toggle-id-1' data-slide-speed=\"200\" data-title=\"\u00bfCu\u00e1les son los principales par\u00e1metros previstos por la norma europea?\" data-title-open=\"\" data-aria_collapsed=\"Click to expand: \u00bfCu\u00e1les son los principales par\u00e1metros previstos por la norma europea?\" data-aria_expanded=\"Click to collapse: \u00bfCu\u00e1les son los principales par\u00e1metros previstos por la norma europea?\">\u00bfCu\u00e1les son los principales par\u00e1metros previstos por la norma europea?<span class=\"toggle_icon\"><span class=\"vert_icon\"><\/span><span class=\"hor_icon\"><\/span><\/span><\/p><div id='toggle-id-1' aria-labelledby='toggle-toggle-id-1' role='region' class='toggle_wrap  av-title-above'  ><div class='toggle_content invers-color av-inherit-border-color'  itemprop=\"text\" ><ol>\n<li>comederos lineales que ofrecen al menos 10 cm de largo por gallina ponedora o comederos circulares que ofrecen al menos 4 cm de largo por gallina ponedora;<\/li>\n<li>bebederos continuos que ofrecan 2,5 cm de largo por gallina ponedora o bebederos circulares que ofrecan 1 cm de largo por gallina ponedora. Adem\u00e1s, en el caso de uso de bebederos de tetina o taza, debe preverse al menos una tetina o taza por cada 10 gallinas ponedoras y, en el caso de bebederos de conexi\u00f3n, cada gallina ponedora debe poder alcanzar al menos dos tetinas o dos tazas;<\/li>\n<li>al menos un nido para 7 gallinas ponedoras. Si se utilizan nidos grupales, debe haber un \u00e1rea de al menos 1 metro cuadrado para un m\u00e1ximo de 120 gallinas ponedoras<\/li>\n<li>perchas adecuadas, libres de bordes afilados y que ofrezcan al menos 15 cm de espacio por gallina ponedora. Las perchas no deben sobresalir de las \u00e1reas de la cama, la distancia horizontal entre las perchas no debe ser menor de 30 cm y la distancia entre las perchas y las paredes no debe ser menor de 20 cm;<\/li>\n<li>tener un coeficiente de densidad de no m\u00e1s de 9 gallinas ponedoras por metro cuadrado de superficie \u00fatil.<\/li>\n<\/ol>\n<\/div><\/div><\/div><\/section>\n<section class='av_toggle_section av-av_toggle-1624d1f08425239cba3238efae9e7b63'  itemscope=\"itemscope\" itemtype=\"https:\/\/schema.org\/CreativeWork\" ><div role=\"tablist\" class=\"single_toggle\" data-tags=\"{Todo} \"  ><p id='toggle-toggle-id-2' data-fake-id='#toggle-id-2' class='toggler  av-title-above av-inherit-border-color'  itemprop=\"headline\"  role='tab' tabindex='0' aria-controls='toggle-id-2' data-slide-speed=\"200\" data-title=\"\u00bfQu\u00e9 se entiende por \u00e1rea utilizable?\" data-title-open=\"\" data-aria_collapsed=\"Click to expand: \u00bfQu\u00e9 se entiende por \u00e1rea utilizable?\" data-aria_expanded=\"Click to collapse: \u00bfQu\u00e9 se entiende por \u00e1rea utilizable?\">\u00bfQu\u00e9 se entiende por \u00e1rea utilizable?<span class=\"toggle_icon\"><span class=\"vert_icon\"><\/span><span class=\"hor_icon\"><\/span><\/span><\/p><div id='toggle-id-2' aria-labelledby='toggle-toggle-id-2' role='region' class='toggle_wrap  av-title-above'  ><div class='toggle_content invers-color av-inherit-border-color'  itemprop=\"text\" ><p>Un \u00e1rea con un ancho m\u00ednimo de 30 cm, una pendiente m\u00e1xima del 14 por ciento rematada por un espacio libre con una altura m\u00ednima de 45 cm. Los espacios destinados al nido no forman parte del \u00e1rea utilizable.<\/p>\n<\/div><\/div><\/div><\/section>\n<section class='av_toggle_section av-av_toggle-9f0920297bed89c2f2b9f6a58e657477'  itemscope=\"itemscope\" itemtype=\"https:\/\/schema.org\/CreativeWork\" ><div role=\"tablist\" class=\"single_toggle\" data-tags=\"{Todo} \"  ><p id='toggle-toggle-id-3' data-fake-id='#toggle-id-3' class='toggler  av-title-above av-inherit-border-color'  itemprop=\"headline\"  role='tab' tabindex='0' aria-controls='toggle-id-3' data-slide-speed=\"200\" data-title=\"\u00bfPuedo hacer una granja de gallinas ponedoras sin un area de perchas?\" data-title-open=\"\" data-aria_collapsed=\"Click to expand: \u00bfPuedo hacer una granja de gallinas ponedoras sin un area de perchas?\" data-aria_expanded=\"Click to collapse: \u00bfPuedo hacer una granja de gallinas ponedoras sin un area de perchas?\">\u00bfPuedo hacer una granja de gallinas ponedoras sin un area de perchas?<span class=\"toggle_icon\"><span class=\"vert_icon\"><\/span><span class=\"hor_icon\"><\/span><\/span><\/p><div id='toggle-id-3' aria-labelledby='toggle-toggle-id-3' role='region' class='toggle_wrap  av-title-above'  ><div class='toggle_content invers-color av-inherit-border-color'  itemprop=\"text\" ><p>NO, los slats no serian obligatorios , pero si es obligatorio tener 15 cm de percha por cada ave (18 cm si son organicos) y las perchas deben instalarse necesariamente por encima de los slats, por lo tanto se van a necesitar los slats. Atenci\u00f3n, es necesario asegurarse de que al menos un tercio de la superficie \u00fatil sea cama.<\/p>\n<\/div><\/div><\/div><\/section>\n<section class='av_toggle_section av-av_toggle-4993a7491ab7bfb2aa392c7ab9e2c2bf'  itemscope=\"itemscope\" itemtype=\"https:\/\/schema.org\/CreativeWork\" ><div role=\"tablist\" class=\"single_toggle\" data-tags=\"{Todo} \"  ><p id='toggle-toggle-id-4' data-fake-id='#toggle-id-4' class='toggler  av-title-above av-inherit-border-color'  itemprop=\"headline\"  role='tab' tabindex='0' aria-controls='toggle-id-4' data-slide-speed=\"200\" data-title=\"\u00bfCu\u00e1les son las principales caracter\u00edsticas de la cr\u00eca organica?\" data-title-open=\"\" data-aria_collapsed=\"Click to expand: \u00bfCu\u00e1les son las principales caracter\u00edsticas de la cr\u00eca organica?\" data-aria_expanded=\"Click to collapse: \u00bfCu\u00e1les son las principales caracter\u00edsticas de la cr\u00eca organica?\">\u00bfCu\u00e1les son las principales caracter\u00edsticas de la cr\u00eca organica?<span class=\"toggle_icon\"><span class=\"vert_icon\"><\/span><span class=\"hor_icon\"><\/span><\/span><\/p><div id='toggle-id-4' aria-labelledby='toggle-toggle-id-4' role='region' class='toggle_wrap  av-title-above'  ><div class='toggle_content invers-color av-inherit-border-color'  itemprop=\"text\" ><p>La cri\u00eca organica debe garantizar un estrecho v\u00ednculo con la tierra. La alimentaci\u00f3n animal debe provenir sustancialmente de la agricultura ecol\u00f3gica y al menos el 50% del origen de la empresa u obtenida en cooperaci\u00f3n con otras granjas ecol\u00f3gicas pertenecientes a la misma zona.<br \/>\nLa cr\u00eca organica tiene una importancia considerable en la agricultura ecol\u00f3gica, por el aporte de sustancia org\u00e1nica y nutrientes \u00fatiles para los cultivos. En cualquier caso, la carga de ganado debe ser acorde con la empresa y \/ o zona del distrito para asegurar que la distribuci\u00f3n de esti\u00e9rcol se gestione adecuadamente.<br \/>\nLa cr\u00eca organica debe garantizar el bienestar de los animales. Teniendo esto en cuenta, son importantes: las pr\u00e1cticas zoot\u00e9cnicas, las condiciones de alojamiento, la elecci\u00f3n de razas, el n\u00famero de animales presentes en las estructuras de la explotaci\u00f3n y el respeto por los ciclos de producci\u00f3n de las distintas especies animales. Esto incluye la necesidad de permitir que los animales, siempre que sea posible, entren en espacios al aire libre o pastos.<br \/>\nLos animales presentes al inicio de la conversi\u00f3n de la granja y los productos obtenidos de ellos se considerar\u00e1n org\u00e1nicos despu\u00e9s de completar el per\u00edodo de conversi\u00f3n que var\u00eda seg\u00fan la especie y el tipo de producci\u00f3n. Los animales que nacen y se cr\u00edan en granjas org\u00e1nicas se consideran org\u00e1nicos.<br \/>\nEn el caso del primer establecimiento de una granja, se pueden incluir animales j\u00f3venes no org\u00e1nicos, criados org\u00e1nicamente inmediatamente despu\u00e9s del destete.<br \/>\nCon fines reproductivos, los animales criados de forma no org\u00e1nica se pueden incluir a lo largo de los a\u00f1os, estos luego deber\u00e1n completar el per\u00edodo de conversi\u00f3n.<\/p>\n<\/div><\/div><\/div><\/section>\n<section class='av_toggle_section av-av_toggle-01a3aa2841dd6129b80c3e7ff9adbbb6'  itemscope=\"itemscope\" itemtype=\"https:\/\/schema.org\/CreativeWork\" ><div role=\"tablist\" class=\"single_toggle\" data-tags=\"{Todo} \"  ><p id='toggle-toggle-id-5' data-fake-id='#toggle-id-5' class='toggler  av-title-above av-inherit-border-color'  itemprop=\"headline\"  role='tab' tabindex='0' aria-controls='toggle-id-5' data-slide-speed=\"200\" data-title=\"\u00bfComos son criados los animales? \" data-title-open=\"\" data-aria_collapsed=\"Click to expand: \u00bfComos son criados los animales? \" data-aria_expanded=\"Click to collapse: \u00bfComos son criados los animales? \">\u00bfComos son criados los animales? <span class=\"toggle_icon\"><span class=\"vert_icon\"><\/span><span class=\"hor_icon\"><\/span><\/span><\/p><div id='toggle-id-5' aria-labelledby='toggle-toggle-id-5' role='region' class='toggle_wrap  av-title-above'  ><div class='toggle_content invers-color av-inherit-border-color'  itemprop=\"text\" ><p>Los animales se cr\u00edan de la forma m\u00e1s natural posible.<br \/>\nEsto es para satisfacer sus necesidades naturales y permitir su comportamiento natural. Los sistemas de cultivo al aire libre son predominantes en la cr\u00ecacion organica ya que que todos los animales puedan moverse libremente, poder elegir su alimentaci\u00f3n y tener contactos sociales son necesidades fundamentales. Los animales pueden explorar, enraizar (cerdos), pastar (ganado), rascar o darse un ba\u00f1o de arena (gallinas). Darse un ba\u00f1o de arena, por ejemplo, no es solo un ritual, sino que permite a las gallinas deshacerse de los par\u00e1sitos. Los par\u00e1metros de este tipo de cr\u00eda est\u00e1n definidos por la legislaci\u00f3n europea.<\/p>\n<\/div><\/div><\/div><\/section>\n<section class='av_toggle_section av-av_toggle-caef8ea5f2386e16f224d86f6d41ea12'  itemscope=\"itemscope\" itemtype=\"https:\/\/schema.org\/CreativeWork\" ><div role=\"tablist\" class=\"single_toggle\" data-tags=\"{Todo} \"  ><p id='toggle-toggle-id-6' data-fake-id='#toggle-id-6' class='toggler  av-title-above av-inherit-border-color'  itemprop=\"headline\"  role='tab' tabindex='0' aria-controls='toggle-id-6' data-slide-speed=\"200\" data-title=\"\u00bfCu\u00e1les son las diferencias m\u00e1s importantes en comparaci\u00f3n con las granjas tradicionales?\" data-title-open=\"\" data-aria_collapsed=\"Click to expand: \u00bfCu\u00e1les son las diferencias m\u00e1s importantes en comparaci\u00f3n con las granjas tradicionales?\" data-aria_expanded=\"Click to collapse: \u00bfCu\u00e1les son las diferencias m\u00e1s importantes en comparaci\u00f3n con las granjas tradicionales?\">\u00bfCu\u00e1les son las diferencias m\u00e1s importantes en comparaci\u00f3n con las granjas tradicionales?<span class=\"toggle_icon\"><span class=\"vert_icon\"><\/span><span class=\"hor_icon\"><\/span><\/span><\/p><div id='toggle-id-6' aria-labelledby='toggle-toggle-id-6' role='region' class='toggle_wrap  av-title-above'  ><div class='toggle_content invers-color av-inherit-border-color'  itemprop=\"text\" ><p><strong>Los animales mascotas tienen m\u00e1s espacio disponible.<\/strong><\/p>\n<p>En comparaci\u00f3n con las granjas convencionales, las org\u00e1nicas ofrecen a los animales mucho m\u00e1s espacio para poder satisfacer sus diferentes necesidades, es decir, alimentarse, dormir, asearse, defecar. Se reduce el tama\u00f1o de los grupos de animales para evitar el estr\u00e9s y el canibalismo.<\/p>\n<p><strong>Los animales tienen acceso a \u00e1reas al aire libre y luz solar.<\/strong><\/p>\n<p><strong>Los animales se alimentan con piensos org\u00e1nicos.<\/strong><\/p>\n<p>El objetivo es asegurar un alto nivel de bienestar animal y respeto por el medio ambiente, limitar el uso de medicamentos y obtener un producto saludable, sin residuos como medicamentos o pesticidas.<br \/>\nLos criadores org\u00e1nicos certificados deben registrar datos sobre reproducci\u00f3n, alimentaci\u00f3n, tratamientos sanitarios, producci\u00f3n, sacrificio y comercializaci\u00f3n. Estas operaciones permiten la trazabilidad de productos org\u00e1nicos de origen animal. En la fabricaci\u00f3n convencional, no se requiere nada comparable.<br \/>\nTodas estas medidas garantizan productos (leche, huevos, carne) obtenidos de animales criados en condiciones de alto bienestar y que contienen menores residuos de pesticidas y medicamentos en comparaci\u00f3n con los animales de granjas convencionales. Los productos son trazables hasta la finca de origen, garantizando la transparencia de la cadena productiva y permitiendo, en caso de eventos como intoxicaci\u00f3n alimentaria, tomar las medidas necesarias.<\/p>\n<\/div><\/div><\/div><\/section>\n<\/div><\/div>\n","protected":false},"excerpt":{"rendered":"","protected":false},"author":1,"featured_media":0,"parent":0,"menu_order":0,"comment_status":"closed","ping_status":"closed","template":"","meta":{"footnotes":""},"class_list":["post-4264","page","type-page","status-publish","hentry"],"yoast_head":"<!-- This site is optimized with the Yoast SEO plugin v23.4 - https:\/\/yoast.com\/wordpress\/plugins\/seo\/ -->\n<title>FAQ - SKA Poultry Equipment<\/title>\n<meta name=\"description\" content=\"Domande frequenti sugli impianti per l&#039;allevamento avicolo a terra.\" \/>\n<meta name=\"robots\" content=\"index, follow, max-snippet:-1, max-image-preview:large, max-video-preview:-1\" \/>\n<link rel=\"canonical\" href=\"https:\/\/skapoultryequipment.com\/es\/faq\/\" \/>\n<meta property=\"og:locale\" content=\"es_ES\" \/>\n<meta property=\"og:type\" content=\"article\" \/>\n<meta property=\"og:title\" content=\"FAQ - SKA Poultry Equipment\" \/>\n<meta property=\"og:description\" content=\"Domande frequenti sugli impianti per l&#039;allevamento avicolo a terra.\" \/>\n<meta property=\"og:url\" content=\"https:\/\/skapoultryequipment.com\/es\/faq\/\" \/>\n<meta property=\"og:site_name\" content=\"SKA Poultry Equipment\" \/>\n<meta property=\"article:modified_time\" content=\"2020-12-15T14:09:13+00:00\" \/>\n<meta name=\"twitter:card\" content=\"summary_large_image\" \/>\n<meta name=\"twitter:label1\" content=\"Tiempo de lectura\" \/>\n\t<meta name=\"twitter:data1\" content=\"8 minutos\" \/>\n<script type=\"application\/ld+json\" class=\"yoast-schema-graph\">{\"@context\":\"https:\/\/schema.org\",\"@graph\":[{\"@type\":\"WebPage\",\"@id\":\"https:\/\/skapoultryequipment.com\/es\/faq\/\",\"url\":\"https:\/\/skapoultryequipment.com\/es\/faq\/\",\"name\":\"FAQ - SKA Poultry Equipment\",\"isPartOf\":{\"@id\":\"https:\/\/skapoultryequipment.com\/#website\"},\"datePublished\":\"2020-09-21T12:12:37+00:00\",\"dateModified\":\"2020-12-15T14:09:13+00:00\",\"description\":\"Domande frequenti sugli impianti per l'allevamento avicolo a terra.\",\"breadcrumb\":{\"@id\":\"https:\/\/skapoultryequipment.com\/es\/faq\/#breadcrumb\"},\"inLanguage\":\"es\",\"potentialAction\":[{\"@type\":\"ReadAction\",\"target\":[\"https:\/\/skapoultryequipment.com\/es\/faq\/\"]}]},{\"@type\":\"BreadcrumbList\",\"@id\":\"https:\/\/skapoultryequipment.com\/es\/faq\/#breadcrumb\",\"itemListElement\":[{\"@type\":\"ListItem\",\"position\":1,\"name\":\"Home\",\"item\":\"https:\/\/skapoultryequipment.com\/es\/home\/\"},{\"@type\":\"ListItem\",\"position\":2,\"name\":\"FAQ\"}]},{\"@type\":\"WebSite\",\"@id\":\"https:\/\/skapoultryequipment.com\/#website\",\"url\":\"https:\/\/skapoultryequipment.com\/\",\"name\":\"SKA Poultry Equipment\",\"description\":\"SKA azienda leader nel settore della progettazione e produzione di impianti ed attrezzature per l&#039;allevamento avicolo a terra.\",\"publisher\":{\"@id\":\"https:\/\/skapoultryequipment.com\/#organization\"},\"potentialAction\":[{\"@type\":\"SearchAction\",\"target\":{\"@type\":\"EntryPoint\",\"urlTemplate\":\"https:\/\/skapoultryequipment.com\/?s={search_term_string}\"},\"query-input\":{\"@type\":\"PropertyValueSpecification\",\"valueRequired\":true,\"valueName\":\"search_term_string\"}}],\"inLanguage\":\"es\"},{\"@type\":\"Organization\",\"@id\":\"https:\/\/skapoultryequipment.com\/#organization\",\"name\":\"SKA S.r.l.\",\"url\":\"https:\/\/skapoultryequipment.com\/\",\"logo\":{\"@type\":\"ImageObject\",\"inLanguage\":\"es\",\"@id\":\"https:\/\/skapoultryequipment.com\/#\/schema\/logo\/image\/\",\"url\":\"https:\/\/skapoultryequipment.com\/wp-content\/uploads\/2020\/09\/logo-SKA.png\",\"contentUrl\":\"https:\/\/skapoultryequipment.com\/wp-content\/uploads\/2020\/09\/logo-SKA.png\",\"width\":183,\"height\":183,\"caption\":\"SKA S.r.l.\"},\"image\":{\"@id\":\"https:\/\/skapoultryequipment.com\/#\/schema\/logo\/image\/\"}}]}<\/script>\n<!-- \/ Yoast SEO plugin. -->","yoast_head_json":{"title":"FAQ - SKA Poultry Equipment","description":"Domande frequenti sugli impianti per l'allevamento avicolo a terra.","robots":{"index":"index","follow":"follow","max-snippet":"max-snippet:-1","max-image-preview":"max-image-preview:large","max-video-preview":"max-video-preview:-1"},"canonical":"https:\/\/skapoultryequipment.com\/es\/faq\/","og_locale":"es_ES","og_type":"article","og_title":"FAQ - SKA Poultry Equipment","og_description":"Domande frequenti sugli impianti per l'allevamento avicolo a terra.","og_url":"https:\/\/skapoultryequipment.com\/es\/faq\/","og_site_name":"SKA Poultry Equipment","article_modified_time":"2020-12-15T14:09:13+00:00","twitter_card":"summary_large_image","twitter_misc":{"Tiempo de lectura":"8 minutos"},"schema":{"@context":"https:\/\/schema.org","@graph":[{"@type":"WebPage","@id":"https:\/\/skapoultryequipment.com\/es\/faq\/","url":"https:\/\/skapoultryequipment.com\/es\/faq\/","name":"FAQ - SKA Poultry Equipment","isPartOf":{"@id":"https:\/\/skapoultryequipment.com\/#website"},"datePublished":"2020-09-21T12:12:37+00:00","dateModified":"2020-12-15T14:09:13+00:00","description":"Domande frequenti sugli impianti per l'allevamento avicolo a terra.","breadcrumb":{"@id":"https:\/\/skapoultryequipment.com\/es\/faq\/#breadcrumb"},"inLanguage":"es","potentialAction":[{"@type":"ReadAction","target":["https:\/\/skapoultryequipment.com\/es\/faq\/"]}]},{"@type":"BreadcrumbList","@id":"https:\/\/skapoultryequipment.com\/es\/faq\/#breadcrumb","itemListElement":[{"@type":"ListItem","position":1,"name":"Home","item":"https:\/\/skapoultryequipment.com\/es\/home\/"},{"@type":"ListItem","position":2,"name":"FAQ"}]},{"@type":"WebSite","@id":"https:\/\/skapoultryequipment.com\/#website","url":"https:\/\/skapoultryequipment.com\/","name":"SKA Poultry Equipment","description":"SKA azienda leader nel settore della progettazione e produzione di impianti ed attrezzature per l&#039;allevamento avicolo a terra.","publisher":{"@id":"https:\/\/skapoultryequipment.com\/#organization"},"potentialAction":[{"@type":"SearchAction","target":{"@type":"EntryPoint","urlTemplate":"https:\/\/skapoultryequipment.com\/?s={search_term_string}"},"query-input":{"@type":"PropertyValueSpecification","valueRequired":true,"valueName":"search_term_string"}}],"inLanguage":"es"},{"@type":"Organization","@id":"https:\/\/skapoultryequipment.com\/#organization","name":"SKA S.r.l.","url":"https:\/\/skapoultryequipment.com\/","logo":{"@type":"ImageObject","inLanguage":"es","@id":"https:\/\/skapoultryequipment.com\/#\/schema\/logo\/image\/","url":"https:\/\/skapoultryequipment.com\/wp-content\/uploads\/2020\/09\/logo-SKA.png","contentUrl":"https:\/\/skapoultryequipment.com\/wp-content\/uploads\/2020\/09\/logo-SKA.png","width":183,"height":183,"caption":"SKA S.r.l."},"image":{"@id":"https:\/\/skapoultryequipment.com\/#\/schema\/logo\/image\/"}}]}},"_links":{"self":[{"href":"https:\/\/skapoultryequipment.com\/es\/wp-json\/wp\/v2\/pages\/4264"}],"collection":[{"href":"https:\/\/skapoultryequipment.com\/es\/wp-json\/wp\/v2\/pages"}],"about":[{"href":"https:\/\/skapoultryequipment.com\/es\/wp-json\/wp\/v2\/types\/page"}],"author":[{"embeddable":true,"href":"https:\/\/skapoultryequipment.com\/es\/wp-json\/wp\/v2\/users\/1"}],"replies":[{"embeddable":true,"href":"https:\/\/skapoultryequipment.com\/es\/wp-json\/wp\/v2\/comments?post=4264"}],"version-history":[{"count":0,"href":"https:\/\/skapoultryequipment.com\/es\/wp-json\/wp\/v2\/pages\/4264\/revisions"}],"wp:attachment":[{"href":"https:\/\/skapoultryequipment.com\/es\/wp-json\/wp\/v2\/media?parent=4264"}],"curies":[{"name":"wp","href":"https:\/\/api.w.org\/{rel}","templated":true}]}}