{"id":3416,"date":"2020-09-21T11:45:53","date_gmt":"2020-09-21T11:45:53","guid":{"rendered":"http:\/\/skapoultryequipment.com\/prodotti-avicoli\/"},"modified":"2020-12-16T10:22:20","modified_gmt":"2020-12-16T10:22:20","slug":"equipements-avicoles","status":"publish","type":"page","link":"https:\/\/skapoultryequipment.com\/fr\/equipements-avicoles\/","title":{"rendered":"\u00c9quipements avicoles"},"content":{"rendered":"\n<style type=\"text\/css\" data-created_by=\"avia_inline_auto\" id=\"style-css-av-kfs0cfdl-65b02bd7a080c1e0f70b6e0c66c61bf3\">\n.avia-section.av-kfs0cfdl-65b02bd7a080c1e0f70b6e0c66c61bf3{\nbackground-repeat:no-repeat;\nbackground-image:url(https:\/\/skapoultryequipment.com\/wp-content\/uploads\/2020\/11\/newheader-home.jpg);\nbackground-position:0% 0%;\nbackground-attachment:scroll;\n}\n.avia-section.av-kfs0cfdl-65b02bd7a080c1e0f70b6e0c66c61bf3 .av-section-color-overlay{\nopacity:0.4;\nbackground-color:#0a0a0a;\n}\n<\/style>\n<div id='av_section_1'  class='avia-section av-kfs0cfdl-65b02bd7a080c1e0f70b6e0c66c61bf3 main_color avia-section-default avia-no-border-styling  avia-builder-el-0  el_before_av_section  avia-builder-el-first  avia-full-stretch avia-bg-style-scroll av-section-color-overlay-active container_wrap fullsize'  data-section-bg-repeat='stretch'><div class=\"av-section-color-overlay-wrap\"><div class=\"av-section-color-overlay\"><\/div><div class='container av-section-cont-open' ><main  role=\"main\" itemprop=\"mainContentOfPage\"  class='template-page content  av-content-full alpha units'><div class='post-entry post-entry-type-page post-entry-3416'><div class='entry-content-wrapper clearfix'>\n\n<style type=\"text\/css\" data-created_by=\"avia_inline_auto\" id=\"style-css-av-clkul-a62a8eb2d1f1d3e8714eff9ae2de85d6\">\n.flex_column.av-clkul-a62a8eb2d1f1d3e8714eff9ae2de85d6{\nborder-radius:0px 0px 0px 0px;\npadding:0px 0px 0px 0px;\n}\n<\/style>\n<div  class='flex_column av-clkul-a62a8eb2d1f1d3e8714eff9ae2de85d6 av_one_half  avia-builder-el-1  el_before_av_one_half  avia-builder-el-first  col-ban-azienda prodotti first av-break-at-tablet flex_column_div av-zero-column-padding  '     ><style type=\"text\/css\" data-created_by=\"avia_inline_auto\" id=\"style-css-av-kfs0djkj-ba45a08fe28999addbc7075b75e5039e\">\n#top .av_textblock_section.av-kfs0djkj-ba45a08fe28999addbc7075b75e5039e .avia_textblock{\ncolor:#ffffff;\n}\n<\/style>\n<section  class='av_textblock_section av-kfs0djkj-ba45a08fe28999addbc7075b75e5039e '   itemscope=\"itemscope\" itemtype=\"https:\/\/schema.org\/CreativeWork\" ><div class='avia_textblock tit-ban-azienda av_inherit_color'  itemprop=\"text\" ><h1>SKA: \u00e9quipements avicoles depuis 1954<\/h1>\n<p>SKA op\u00e8re dans le secteur des produits pour \u00e9levages avicoles au sol et biologiques depuis des d\u00e9cennies. Notre approche est bas\u00e9e sur <strong>l&rsquo;\u00e9tude du comportement animal<\/strong>, pour pouvoir toujours proposer des solutions qui r\u00e9pondent aux besoins du cycle de vie des animaux d\u2019\u00e9levage.<br \/>\nTous nos \u00e9quipements pour l\u2019aviculture sont <strong>Made In Italy<\/strong> : nous pensons que la qualit\u00e9 des mat\u00e9riaux contribue de mani\u00e8re d\u00e9cisive au rendement du produit final.<br \/>\nNous personnalisons nos offres en fonction des caract\u00e9ristiques de l&rsquo;\u00e9levage, en tenant compte de la taille et du type d&rsquo;animaux, des conditions climatiques du lieu et des besoins du client : le tout dans le respect des r\u00e9glementations en vigueur.<\/p>\n<\/div><\/section><br \/>\n<div  class='avia-button-wrap av-kfe1sawt-cdc7cd276630c26e7e3efd5a9232e566-wrap avia-button-left  avia-builder-el-3  el_after_av_textblock  avia-builder-el-last '><a href='https:\/\/skapoultryequipment.com\/fr\/contacts\/'  class='avia-button av-kfe1sawt-cdc7cd276630c26e7e3efd5a9232e566 av-link-btn avia-icon_select-no avia-size-large avia-position-left avia-color-theme-color'   aria-label=\"Demande d\u2019informations\"><span class='avia_iconbox_title' >Demande d\u2019informations<\/span><\/a><\/div><\/p><\/div>\n<style type=\"text\/css\" data-created_by=\"avia_inline_auto\" id=\"style-css-av-9gpkt-6cc6fca2edf9d4a7b9b982230e99d149\">\n.flex_column.av-9gpkt-6cc6fca2edf9d4a7b9b982230e99d149{\nborder-radius:0px 0px 0px 0px;\npadding:0px 0px 0px 0px;\n}\n<\/style>\n<div  class='flex_column av-9gpkt-6cc6fca2edf9d4a7b9b982230e99d149 av_one_half  avia-builder-el-4  el_after_av_one_half  avia-builder-el-last  av-break-at-tablet flex_column_div av-zero-column-padding  '     ><\/div>\n\n<\/div><\/div><\/main><!-- close content main element --><\/div><\/div><\/div><div id='av_section_2'  class='avia-section av-kfsamdr6-57b6860fed03b18771917b6c6826b6f1 main_color avia-section-large avia-no-border-styling  avia-builder-el-5  el_after_av_section  el_before_av_section  avia-bg-style-scroll container_wrap fullsize'  ><div class='container av-section-cont-open' ><div class='template-page content  av-content-full alpha units'><div class='post-entry post-entry-type-page post-entry-3416'><div class='entry-content-wrapper clearfix'>\n\n<style type=\"text\/css\" data-created_by=\"avia_inline_auto\" id=\"style-css-av-12up8-e82e60da4e7938fac3b3c10fb04fbf49\">\n.flex_column.av-12up8-e82e60da4e7938fac3b3c10fb04fbf49{\nborder-radius:0px 0px 0px 0px;\npadding:0px 0px 0px 0px;\n}\n<\/style>\n<div  class='flex_column av-12up8-e82e60da4e7938fac3b3c10fb04fbf49 av_one_full  avia-builder-el-6  avia-builder-el-no-sibling  first flex_column_div av-zero-column-padding  '     ><section  class='av_textblock_section av-kfsalb5e-369aeece56405db477288fc3df86f57d '   itemscope=\"itemscope\" itemtype=\"https:\/\/schema.org\/CreativeWork\" ><div class='avia_textblock'  itemprop=\"text\" ><h2>\u00c9quipements pour l&rsquo;aviculture: tous nos produits<\/h2>\n<p>Les \u00e9quipements pour \u00e9levages avicoles de SKA conviennent \u00e0 tous les types d&rsquo;animaux : poulets de chair, poulets reproducteurs, dindes, poules pondeuses, mais aussi canards, cailles et autres, \u00e0 tous les stades de leur croissance. Les lignes d&rsquo;alimentation et d&rsquo;abreuvement sont r\u00e9glables en hauteur, gr\u00e2ce \u00e0 un m\u00e9canisme automatique qui r\u00e9duit les co\u00fbts de main-d&rsquo;\u0153uvre et de temps n\u00e9cessaire.<br \/>\nNos mod\u00e8les de mangeoires \u00e0 plateau et \u00e0 cha\u00eenes sont anti-gaspillage, gr\u00e2ce \u00e0 un design innovant qui permet un acc\u00e8s facile aux animaux.<br \/>\nAfin de garantir le bien-\u00eatre des animaux et d&rsquo;<strong>optimiser la productivit\u00e9<\/strong>, nous mettons \u00e0 disposition des syst\u00e8mes de climatisation compos\u00e9s d&rsquo;extracteurs, de coussins de refroidissement et de g\u00e9n\u00e9rateurs d&rsquo;air chaud ainsi qu&rsquo;un r\u00e9seau d&rsquo;\u00e9clairage avec des points de lumi\u00e8re \u00e0 intensit\u00e9 r\u00e9glable. Les syst\u00e8mes garantissent une automatisation \u00e9lev\u00e9e et offrent la possibilit\u00e9 d&rsquo;\u00eatre g\u00e9r\u00e9s \u00e0 distance par des contr\u00f4leurs modernes.<br \/>\nIl est possible d\u2019inclure l&rsquo;installation des \u00e9quipements dans notre <strong>service cl\u00e9 en main.<\/strong><\/p>\n<p>Nous sommes \u00e0 votre disposition pour vous fournir de plus amples informations sur nos produits.<\/p>\n<\/div><\/section><br \/>\n\n<style type=\"text\/css\" data-created_by=\"avia_inline_auto\" id=\"style-css-av-kfsankwi-6b6aca7db402ae2c756ccfb42fc39166\">\n#top .hr.hr-invisible.av-kfsankwi-6b6aca7db402ae2c756ccfb42fc39166{\nheight:20px;\n}\n<\/style>\n<div  class='hr av-kfsankwi-6b6aca7db402ae2c756ccfb42fc39166 hr-invisible  avia-builder-el-8  el_after_av_textblock  el_before_av_textblock '><span class='hr-inner '><span class=\"hr-inner-style\"><\/span><\/span><\/div><br \/>\n<section  class='av_textblock_section av-kfsalb5e-369aeece56405db477288fc3df86f57d '   itemscope=\"itemscope\" itemtype=\"https:\/\/schema.org\/CreativeWork\" ><div class='avia_textblock'  itemprop=\"text\" ><h3>Rechercher par type d&rsquo;elevage<\/h3>\n<\/div><\/section><br \/>\n\n<style type=\"text\/css\" data-created_by=\"avia_inline_auto\" id=\"style-css-av-kfscqo6o-60c2aa8b937015689d4f8856149caf47\">\n#top .hr.hr-invisible.av-kfscqo6o-60c2aa8b937015689d4f8856149caf47{\nheight:5px;\n}\n<\/style>\n<div  class='hr av-kfscqo6o-60c2aa8b937015689d4f8856149caf47 hr-invisible  avia-builder-el-10  el_after_av_textblock  el_before_av_codeblock '><span class='hr-inner '><span class=\"hr-inner-style\"><\/span><\/span><\/div><br \/>\n<\/p><\/div><\/div><\/div><\/div><!-- close content main div --><\/div><\/div>\n<style type=\"text\/css\" data-created_by=\"avia_inline_auto\" id=\"style-css-av-kfsamdr6-1f640cc5fc58b13f7d9e9225ab327360\">\n.avia-section.av-kfsamdr6-1f640cc5fc58b13f7d9e9225ab327360{\nbackground-color:#f4f4f4;\nbackground-image:unset;\n}\n<\/style>\n<div id='av_section_3'  class='avia-section av-kfsamdr6-1f640cc5fc58b13f7d9e9225ab327360 main_color avia-section-large avia-no-border-styling  avia-builder-el-12  el_after_av_section  avia-builder-el-last  avia-bg-style-scroll container_wrap fullsize'  ><div class='container av-section-cont-open' ><div class='template-page content  av-content-full alpha units'><div class='post-entry post-entry-type-page post-entry-3416'><div class='entry-content-wrapper clearfix'>\n\n<style type=\"text\/css\" data-created_by=\"avia_inline_auto\" id=\"style-css-av-12up8-e82e60da4e7938fac3b3c10fb04fbf49\">\n.flex_column.av-12up8-e82e60da4e7938fac3b3c10fb04fbf49{\nborder-radius:0px 0px 0px 0px;\npadding:0px 0px 0px 0px;\n}\n<\/style>\n<div  class='flex_column av-12up8-e82e60da4e7938fac3b3c10fb04fbf49 av_one_full  avia-builder-el-13  avia-builder-el-no-sibling  first flex_column_div av-zero-column-padding  '     ><section  class='av_textblock_section av-kfsalb5e-369aeece56405db477288fc3df86f57d '   itemscope=\"itemscope\" itemtype=\"https:\/\/schema.org\/CreativeWork\" ><div class='avia_textblock'  itemprop=\"text\" ><h3>Rechercher par produit<\/h3>\n<\/div><\/section><br \/>\n\n<style type=\"text\/css\" data-created_by=\"avia_inline_auto\" id=\"style-css-av-kfscqo6o-60c2aa8b937015689d4f8856149caf47\">\n#top .hr.hr-invisible.av-kfscqo6o-60c2aa8b937015689d4f8856149caf47{\nheight:5px;\n}\n<\/style>\n<div  class='hr av-kfscqo6o-60c2aa8b937015689d4f8856149caf47 hr-invisible  avia-builder-el-15  el_after_av_textblock  el_before_av_codeblock '><span class='hr-inner '><span class=\"hr-inner-style\"><\/span><\/span><\/div><br \/>\n<\/p><\/div><\/p>\n","protected":false},"excerpt":{"rendered":"","protected":false},"author":1,"featured_media":0,"parent":0,"menu_order":0,"comment_status":"closed","ping_status":"closed","template":"","meta":{"footnotes":""},"class_list":["post-3416","page","type-page","status-publish","hentry"],"yoast_head":"<!-- This site is optimized with the Yoast SEO plugin v23.4 - https:\/\/yoast.com\/wordpress\/plugins\/seo\/ -->\n<title>\u00c9quipements avicoles - SKA Poultry Equipment<\/title>\n<meta name=\"robots\" content=\"index, follow, max-snippet:-1, max-image-preview:large, max-video-preview:-1\" \/>\n<link rel=\"canonical\" href=\"https:\/\/skapoultryequipment.com\/fr\/equipements-avicoles\/\" \/>\n<meta property=\"og:locale\" content=\"fr_FR\" \/>\n<meta property=\"og:type\" content=\"article\" \/>\n<meta property=\"og:title\" content=\"\u00c9quipements avicoles - SKA Poultry Equipment\" \/>\n<meta property=\"og:url\" content=\"https:\/\/skapoultryequipment.com\/fr\/equipements-avicoles\/\" \/>\n<meta property=\"og:site_name\" content=\"SKA Poultry Equipment\" \/>\n<meta property=\"article:modified_time\" content=\"2020-12-16T10:22:20+00:00\" \/>\n<meta property=\"og:image\" content=\"https:\/\/skapoultryequipment.com\/wp-content\/uploads\/2020\/10\/polli-carne-r.png\" \/>\n<meta name=\"twitter:card\" content=\"summary_large_image\" \/>\n<meta name=\"twitter:label1\" content=\"Dur\u00e9e de lecture estim\u00e9e\" \/>\n\t<meta name=\"twitter:data1\" content=\"8 minutes\" \/>\n<script type=\"application\/ld+json\" class=\"yoast-schema-graph\">{\"@context\":\"https:\/\/schema.org\",\"@graph\":[{\"@type\":\"WebPage\",\"@id\":\"https:\/\/skapoultryequipment.com\/fr\/equipements-avicoles\/\",\"url\":\"https:\/\/skapoultryequipment.com\/fr\/equipements-avicoles\/\",\"name\":\"\u00c9quipements avicoles - SKA Poultry Equipment\",\"isPartOf\":{\"@id\":\"https:\/\/skapoultryequipment.com\/#website\"},\"datePublished\":\"2020-09-21T11:45:53+00:00\",\"dateModified\":\"2020-12-16T10:22:20+00:00\",\"breadcrumb\":{\"@id\":\"https:\/\/skapoultryequipment.com\/fr\/equipements-avicoles\/#breadcrumb\"},\"inLanguage\":\"fr-FR\",\"potentialAction\":[{\"@type\":\"ReadAction\",\"target\":[\"https:\/\/skapoultryequipment.com\/fr\/equipements-avicoles\/\"]}]},{\"@type\":\"BreadcrumbList\",\"@id\":\"https:\/\/skapoultryequipment.com\/fr\/equipements-avicoles\/#breadcrumb\",\"itemListElement\":[{\"@type\":\"ListItem\",\"position\":1,\"name\":\"Home\",\"item\":\"https:\/\/skapoultryequipment.com\/fr\/home\/\"},{\"@type\":\"ListItem\",\"position\":2,\"name\":\"\u00c9quipements avicoles\"}]},{\"@type\":\"WebSite\",\"@id\":\"https:\/\/skapoultryequipment.com\/#website\",\"url\":\"https:\/\/skapoultryequipment.com\/\",\"name\":\"SKA Poultry Equipment\",\"description\":\"SKA azienda leader nel settore della progettazione e produzione di impianti ed attrezzature per l&#039;allevamento avicolo a terra.\",\"publisher\":{\"@id\":\"https:\/\/skapoultryequipment.com\/#organization\"},\"potentialAction\":[{\"@type\":\"SearchAction\",\"target\":{\"@type\":\"EntryPoint\",\"urlTemplate\":\"https:\/\/skapoultryequipment.com\/?s={search_term_string}\"},\"query-input\":{\"@type\":\"PropertyValueSpecification\",\"valueRequired\":true,\"valueName\":\"search_term_string\"}}],\"inLanguage\":\"fr-FR\"},{\"@type\":\"Organization\",\"@id\":\"https:\/\/skapoultryequipment.com\/#organization\",\"name\":\"SKA S.r.l.\",\"url\":\"https:\/\/skapoultryequipment.com\/\",\"logo\":{\"@type\":\"ImageObject\",\"inLanguage\":\"fr-FR\",\"@id\":\"https:\/\/skapoultryequipment.com\/#\/schema\/logo\/image\/\",\"url\":\"https:\/\/skapoultryequipment.com\/wp-content\/uploads\/2020\/09\/logo-SKA.png\",\"contentUrl\":\"https:\/\/skapoultryequipment.com\/wp-content\/uploads\/2020\/09\/logo-SKA.png\",\"width\":183,\"height\":183,\"caption\":\"SKA S.r.l.\"},\"image\":{\"@id\":\"https:\/\/skapoultryequipment.com\/#\/schema\/logo\/image\/\"}}]}<\/script>\n<!-- \/ Yoast SEO plugin. -->","yoast_head_json":{"title":"\u00c9quipements avicoles - SKA Poultry Equipment","robots":{"index":"index","follow":"follow","max-snippet":"max-snippet:-1","max-image-preview":"max-image-preview:large","max-video-preview":"max-video-preview:-1"},"canonical":"https:\/\/skapoultryequipment.com\/fr\/equipements-avicoles\/","og_locale":"fr_FR","og_type":"article","og_title":"\u00c9quipements avicoles - SKA Poultry Equipment","og_url":"https:\/\/skapoultryequipment.com\/fr\/equipements-avicoles\/","og_site_name":"SKA Poultry Equipment","article_modified_time":"2020-12-16T10:22:20+00:00","og_image":[{"url":"https:\/\/skapoultryequipment.com\/wp-content\/uploads\/2020\/10\/polli-carne-r.png"}],"twitter_card":"summary_large_image","twitter_misc":{"Dur\u00e9e de lecture estim\u00e9e":"8 minutes"},"schema":{"@context":"https:\/\/schema.org","@graph":[{"@type":"WebPage","@id":"https:\/\/skapoultryequipment.com\/fr\/equipements-avicoles\/","url":"https:\/\/skapoultryequipment.com\/fr\/equipements-avicoles\/","name":"\u00c9quipements avicoles - SKA Poultry Equipment","isPartOf":{"@id":"https:\/\/skapoultryequipment.com\/#website"},"datePublished":"2020-09-21T11:45:53+00:00","dateModified":"2020-12-16T10:22:20+00:00","breadcrumb":{"@id":"https:\/\/skapoultryequipment.com\/fr\/equipements-avicoles\/#breadcrumb"},"inLanguage":"fr-FR","potentialAction":[{"@type":"ReadAction","target":["https:\/\/skapoultryequipment.com\/fr\/equipements-avicoles\/"]}]},{"@type":"BreadcrumbList","@id":"https:\/\/skapoultryequipment.com\/fr\/equipements-avicoles\/#breadcrumb","itemListElement":[{"@type":"ListItem","position":1,"name":"Home","item":"https:\/\/skapoultryequipment.com\/fr\/home\/"},{"@type":"ListItem","position":2,"name":"\u00c9quipements avicoles"}]},{"@type":"WebSite","@id":"https:\/\/skapoultryequipment.com\/#website","url":"https:\/\/skapoultryequipment.com\/","name":"SKA Poultry Equipment","description":"SKA azienda leader nel settore della progettazione e produzione di impianti ed attrezzature per l&#039;allevamento avicolo a terra.","publisher":{"@id":"https:\/\/skapoultryequipment.com\/#organization"},"potentialAction":[{"@type":"SearchAction","target":{"@type":"EntryPoint","urlTemplate":"https:\/\/skapoultryequipment.com\/?s={search_term_string}"},"query-input":{"@type":"PropertyValueSpecification","valueRequired":true,"valueName":"search_term_string"}}],"inLanguage":"fr-FR"},{"@type":"Organization","@id":"https:\/\/skapoultryequipment.com\/#organization","name":"SKA S.r.l.","url":"https:\/\/skapoultryequipment.com\/","logo":{"@type":"ImageObject","inLanguage":"fr-FR","@id":"https:\/\/skapoultryequipment.com\/#\/schema\/logo\/image\/","url":"https:\/\/skapoultryequipment.com\/wp-content\/uploads\/2020\/09\/logo-SKA.png","contentUrl":"https:\/\/skapoultryequipment.com\/wp-content\/uploads\/2020\/09\/logo-SKA.png","width":183,"height":183,"caption":"SKA S.r.l."},"image":{"@id":"https:\/\/skapoultryequipment.com\/#\/schema\/logo\/image\/"}}]}},"_links":{"self":[{"href":"https:\/\/skapoultryequipment.com\/fr\/wp-json\/wp\/v2\/pages\/3416"}],"collection":[{"href":"https:\/\/skapoultryequipment.com\/fr\/wp-json\/wp\/v2\/pages"}],"about":[{"href":"https:\/\/skapoultryequipment.com\/fr\/wp-json\/wp\/v2\/types\/page"}],"author":[{"embeddable":true,"href":"https:\/\/skapoultryequipment.com\/fr\/wp-json\/wp\/v2\/users\/1"}],"replies":[{"embeddable":true,"href":"https:\/\/skapoultryequipment.com\/fr\/wp-json\/wp\/v2\/comments?post=3416"}],"version-history":[{"count":0,"href":"https:\/\/skapoultryequipment.com\/fr\/wp-json\/wp\/v2\/pages\/3416\/revisions"}],"wp:attachment":[{"href":"https:\/\/skapoultryequipment.com\/fr\/wp-json\/wp\/v2\/media?parent=3416"}],"curies":[{"name":"wp","href":"https:\/\/api.w.org\/{rel}","templated":true}]}}