{"id":4229,"date":"2020-09-21T12:12:43","date_gmt":"2020-09-21T12:12:43","guid":{"rendered":"http:\/\/skapoultryequipment.com\/certificazioni\/"},"modified":"2026-02-23T11:28:53","modified_gmt":"2026-02-23T11:28:53","slug":"certifications","status":"publish","type":"page","link":"https:\/\/skapoultryequipment.com\/fr\/certifications\/","title":{"rendered":"Certifications"},"content":{"rendered":"<div id='av_section_1'  class='avia-section av-kg699anq-5343f5aaac4e9c41f7b1a0fc087f0a2b main_color avia-section-default avia-no-border-styling  avia-builder-el-0  avia-builder-el-no-sibling  sez-01 avia-bg-style-scroll container_wrap fullsize'  ><div class='container av-section-cont-open' ><main  role=\"main\" itemprop=\"mainContentOfPage\"  class='template-page content  av-content-full alpha units'><div class='post-entry post-entry-type-page post-entry-4229'><div class='entry-content-wrapper clearfix'>\n\n<style type=\"text\/css\" data-created_by=\"avia_inline_auto\" id=\"style-css-av-y0gc4-02f3856aa1051befc02c6ea0bd317675\">\n.flex_column.av-y0gc4-02f3856aa1051befc02c6ea0bd317675{\nborder-radius:0px 0px 0px 0px;\npadding:0px 0px 0px 0px;\n}\n<\/style>\n<div  class='flex_column av-y0gc4-02f3856aa1051befc02c6ea0bd317675 av_one_full  avia-builder-el-1  el_before_av_one_full  avia-builder-el-first  first flex_column_div av-zero-column-padding  '     ><section  class='av_textblock_section av-kg698rw3-6a84338cd246cc9c2e0470b5a2c6f03f '   itemscope=\"itemscope\" itemtype=\"https:\/\/schema.org\/CreativeWork\" ><div class='avia_textblock'  itemprop=\"text\" ><h1><strong>Certifications<\/strong><\/h1>\n<\/div><\/section><\/div>\n<style type=\"text\/css\" data-created_by=\"avia_inline_auto\" id=\"style-css-av-7anc4-898ba1a555f23fca40cac38237de393f\">\n.flex_column.av-7anc4-898ba1a555f23fca40cac38237de393f{\nborder-radius:0px 0px 0px 0px;\npadding:0px 0px 0px 0px;\n}\n<\/style>\n<div  class='flex_column av-7anc4-898ba1a555f23fca40cac38237de393f av_one_full  avia-builder-el-3  el_after_av_one_full  el_before_av_one_third  first flex_column_div av-zero-column-padding  column-top-margin'     ><section  class='av_textblock_section av-khyxki4p-0e5490d713f780203f6517c4aecfad1f '   itemscope=\"itemscope\" itemtype=\"https:\/\/schema.org\/CreativeWork\" ><div class='avia_textblock'  itemprop=\"text\" ><p>Nous nous engageons \u00e0 maintenir des normes de qualit\u00e9 \u00e9lev\u00e9es, en vue d\u2019une am\u00e9lioration continue. Nos \u00e9quipements sont produits \u00e0 l\u2019int\u00e9rieur de notre usine en Italie, ex\u00e9cut\u00e9s conform\u00e9ment \u00e0 des certifications sp\u00e9cifiques sur la qualit\u00e9.<\/p>\n<\/div><\/section><\/div>\n<style type=\"text\/css\" data-created_by=\"avia_inline_auto\" id=\"style-css-av-qst44-7fbb0a9733429d3c327cdb881a3cd175\">\n.flex_column.av-qst44-7fbb0a9733429d3c327cdb881a3cd175{\nborder-radius:0px 0px 0px 0px;\npadding:0px 0px 0px 0px;\n}\n<\/style>\n<div  class='flex_column av-qst44-7fbb0a9733429d3c327cdb881a3cd175 av_one_third  avia-builder-el-5  el_after_av_one_full  el_before_av_one_third  first flex_column_div av-zero-column-padding  column-top-margin'     ><p>\n<style type=\"text\/css\" data-created_by=\"avia_inline_auto\" id=\"style-css-av-kg69e14m-3bd10550386a56e8f59097c68e285adb\">\n.avia-image-container.av-kg69e14m-3bd10550386a56e8f59097c68e285adb img.avia_image{\nbox-shadow:none;\n}\n.avia-image-container.av-kg69e14m-3bd10550386a56e8f59097c68e285adb .av-image-caption-overlay-center{\ncolor:#ffffff;\n}\n<\/style>\n<div  class='avia-image-container av-kg69e14m-3bd10550386a56e8f59097c68e285adb av-styling- av-img-linked avia-align-center  avia-builder-el-6  el_before_av_hr  avia-builder-el-first '   itemprop=\"image\" itemscope=\"itemscope\" itemtype=\"https:\/\/schema.org\/ImageObject\" ><div class=\"avia-image-container-inner\"><div class=\"avia-image-overlay-wrap\"><a href=\"http:\/\/skapoultryequipment.com\/wp-content\/uploads\/2024\/07\/Certificato_SKA_ISO9001_2015_it_eg_2024-1.png\" class='avia_image ' target=\"_blank\" rel=\"noopener noreferrer\" aria-label='Certificato_SKA_ISO9001_2015_it_eg_2024'><img decoding=\"async\" fetchpriority=\"high\" class='wp-image-12665 avia-img-lazy-loading-not-12665 avia_image ' src=\"https:\/\/skapoultryequipment.com\/wp-content\/uploads\/2024\/07\/Certificato_SKA_ISO9001_2015_it_eg_2024-1-728x1030.png\" alt='' title='Certificato_SKA_ISO9001_2015_it_eg_2024'  height=\"1030\" width=\"728\"  itemprop=\"thumbnailUrl\" srcset=\"https:\/\/skapoultryequipment.com\/wp-content\/uploads\/2024\/07\/Certificato_SKA_ISO9001_2015_it_eg_2024-1-728x1030.png 728w, https:\/\/skapoultryequipment.com\/wp-content\/uploads\/2024\/07\/Certificato_SKA_ISO9001_2015_it_eg_2024-1-212x300.png 212w, https:\/\/skapoultryequipment.com\/wp-content\/uploads\/2024\/07\/Certificato_SKA_ISO9001_2015_it_eg_2024-1-768x1087.png 768w, https:\/\/skapoultryequipment.com\/wp-content\/uploads\/2024\/07\/Certificato_SKA_ISO9001_2015_it_eg_2024-1-1085x1536.png 1085w, https:\/\/skapoultryequipment.com\/wp-content\/uploads\/2024\/07\/Certificato_SKA_ISO9001_2015_it_eg_2024-1-1447x2048.png 1447w, https:\/\/skapoultryequipment.com\/wp-content\/uploads\/2024\/07\/Certificato_SKA_ISO9001_2015_it_eg_2024-1-1060x1500.png 1060w, https:\/\/skapoultryequipment.com\/wp-content\/uploads\/2024\/07\/Certificato_SKA_ISO9001_2015_it_eg_2024-1-498x705.png 498w\" sizes=\"(max-width: 728px) 100vw, 728px\" \/><\/a><\/div><\/div><\/div><br \/>\n\n<style type=\"text\/css\" data-created_by=\"avia_inline_auto\" id=\"style-css-av-kg6b5k5x-1c07f55a827a922257830ed202ab5aa5\">\n#top .hr.hr-invisible.av-kg6b5k5x-1c07f55a827a922257830ed202ab5aa5{\nheight:10px;\n}\n<\/style>\n<div  class='hr av-kg6b5k5x-1c07f55a827a922257830ed202ab5aa5 hr-invisible  avia-builder-el-7  el_after_av_image  el_before_av_button '><span class='hr-inner '><span class=\"hr-inner-style\"><\/span><\/span><\/div><br \/>\n<div  class='avia-button-wrap av-kfe1sawt-58367ba6ded12dd9e584ee2e4179b7a5-wrap avia-button-center  avia-builder-el-8  el_after_av_hr  avia-builder-el-last '><a href='http:\/\/skapoultryequipment.com\/wp-content\/uploads\/2025\/01\/Certificato_SKA_ISO9001_2015_it_eg_2024.pdf'  class='avia-button av-kfe1sawt-58367ba6ded12dd9e584ee2e4179b7a5 av-link-btn avia-icon_select-yes-right-icon avia-size-large avia-position-center avia-color-dark'   aria-label=\"Certificato ISO 9001\"><span class='avia_iconbox_title' >Certificato ISO 9001<\/span><span class='avia_button_icon avia_button_icon_right' aria-hidden='true' data-av_icon='\ue82d' data-av_iconfont='entypo-fontello'><\/span><\/a><\/div><\/p><\/div>\n<style type=\"text\/css\" data-created_by=\"avia_inline_auto\" id=\"style-css-av-j493g-392e66412d207df114b7761f82eae856\">\n.flex_column.av-j493g-392e66412d207df114b7761f82eae856{\nborder-radius:0px 0px 0px 0px;\npadding:0px 0px 0px 0px;\n}\n<\/style>\n<div  class='flex_column av-j493g-392e66412d207df114b7761f82eae856 av_one_third  avia-builder-el-9  el_after_av_one_third  el_before_av_one_third  flex_column_div av-zero-column-padding  column-top-margin'     ><p>\n<style type=\"text\/css\" data-created_by=\"avia_inline_auto\" id=\"style-css-av-kg69e14m-a74ac8f7c351770fdb80dfbd81d368d1\">\n.avia-image-container.av-kg69e14m-a74ac8f7c351770fdb80dfbd81d368d1 img.avia_image{\nbox-shadow:none;\n}\n.avia-image-container.av-kg69e14m-a74ac8f7c351770fdb80dfbd81d368d1 .av-image-caption-overlay-center{\ncolor:#ffffff;\n}\n<\/style>\n<div  class='avia-image-container av-kg69e14m-a74ac8f7c351770fdb80dfbd81d368d1 av-styling- av-img-linked avia-align-center  avia-builder-el-10  el_before_av_hr  avia-builder-el-first '   itemprop=\"image\" itemscope=\"itemscope\" itemtype=\"https:\/\/schema.org\/ImageObject\" ><div class=\"avia-image-container-inner\"><div class=\"avia-image-overlay-wrap\"><a href=\"\/wp-content\/uploads\/2020\/10\/attestatocentroditrasformazionen2554_13.pdf\" class='avia_image ' target=\"_blank\" rel=\"noopener noreferrer\" aria-label='centro-trasformazione'><img decoding=\"async\" fetchpriority=\"high\" class='wp-image-806 avia-img-lazy-loading-not-806 avia_image ' src=\"https:\/\/skapoultryequipment.com\/wp-content\/uploads\/2020\/10\/centro-trasformazione.jpg\" alt='' title='centro-trasformazione'  height=\"800\" width=\"600\"  itemprop=\"thumbnailUrl\" srcset=\"https:\/\/skapoultryequipment.com\/wp-content\/uploads\/2020\/10\/centro-trasformazione.jpg 600w, https:\/\/skapoultryequipment.com\/wp-content\/uploads\/2020\/10\/centro-trasformazione-225x300.jpg 225w, https:\/\/skapoultryequipment.com\/wp-content\/uploads\/2020\/10\/centro-trasformazione-529x705.jpg 529w\" sizes=\"(max-width: 600px) 100vw, 600px\" \/><\/a><\/div><\/div><\/div><br \/>\n\n<style type=\"text\/css\" data-created_by=\"avia_inline_auto\" id=\"style-css-av-kg6b5k5x-1c07f55a827a922257830ed202ab5aa5\">\n#top .hr.hr-invisible.av-kg6b5k5x-1c07f55a827a922257830ed202ab5aa5{\nheight:10px;\n}\n<\/style>\n<div  class='hr av-kg6b5k5x-1c07f55a827a922257830ed202ab5aa5 hr-invisible  avia-builder-el-11  el_after_av_image  el_before_av_button '><span class='hr-inner '><span class=\"hr-inner-style\"><\/span><\/span><\/div><br \/>\n<div  class='avia-button-wrap av-kfe1sawt-aa7851bb31adbf9ff2eeea9c70895c00-wrap avia-button-center  avia-builder-el-12  el_after_av_hr  avia-builder-el-last '><a href='\/wp-content\/uploads\/2020\/10\/attestatocentroditrasformazionen2554_13.pdf'  class='avia-button av-kfe1sawt-aa7851bb31adbf9ff2eeea9c70895c00 av-link-btn avia-icon_select-yes-right-icon avia-size-large avia-position-center avia-color-dark'   aria-label=\"Attestato centro di trasformazione N\u00b02554-13\"><span class='avia_iconbox_title' >Attestato centro di trasformazione N\u00b02554-13<\/span><span class='avia_button_icon avia_button_icon_right' aria-hidden='true' data-av_icon='\ue82d' data-av_iconfont='entypo-fontello'><\/span><\/a><\/div><\/p><\/div>\n<style type=\"text\/css\" data-created_by=\"avia_inline_auto\" id=\"style-css-av-esbo4-3b67a1ca238456ecb124d0f00a06bd38\">\n.flex_column.av-esbo4-3b67a1ca238456ecb124d0f00a06bd38{\nborder-radius:0px 0px 0px 0px;\npadding:0px 0px 0px 0px;\n}\n<\/style>\n<div  class='flex_column av-esbo4-3b67a1ca238456ecb124d0f00a06bd38 av_one_third  avia-builder-el-13  el_after_av_one_third  el_before_av_hr  flex_column_div av-zero-column-padding  column-top-margin'     ><p>\n<style type=\"text\/css\" data-created_by=\"avia_inline_auto\" id=\"style-css-av-kg69e14m-28f71d69a4dbdd1db0cdf3724a6b10c7\">\n.avia-image-container.av-kg69e14m-28f71d69a4dbdd1db0cdf3724a6b10c7 img.avia_image{\nbox-shadow:none;\n}\n.avia-image-container.av-kg69e14m-28f71d69a4dbdd1db0cdf3724a6b10c7 .av-image-caption-overlay-center{\ncolor:#ffffff;\n}\n<\/style>\n<div  class='avia-image-container av-kg69e14m-28f71d69a4dbdd1db0cdf3724a6b10c7 av-styling- av-img-linked avia-align-center  avia-builder-el-14  el_before_av_hr  avia-builder-el-first '   itemprop=\"image\" itemscope=\"itemscope\" itemtype=\"https:\/\/schema.org\/ImageObject\" ><div class=\"avia-image-container-inner\"><div class=\"avia-image-overlay-wrap\"><a href=\"http:\/\/skapoultryequipment.com\/wp-content\/uploads\/2026\/02\/certificate-signed_EN1090.pdf\" class='avia_image ' target=\"_blank\" rel=\"noopener noreferrer\" aria-label='certificate-signed_EN1090'><img decoding=\"async\" fetchpriority=\"high\" class='wp-image-13059 avia-img-lazy-loading-not-13059 avia_image ' src=\"https:\/\/skapoultryequipment.com\/wp-content\/uploads\/2026\/02\/certificate-signed_EN1090-728x1030.jpg\" alt='' title='certificate-signed_EN1090'  height=\"1030\" width=\"728\"  itemprop=\"thumbnailUrl\" srcset=\"https:\/\/skapoultryequipment.com\/wp-content\/uploads\/2026\/02\/certificate-signed_EN1090-728x1030.jpg 728w, https:\/\/skapoultryequipment.com\/wp-content\/uploads\/2026\/02\/certificate-signed_EN1090-212x300.jpg 212w, https:\/\/skapoultryequipment.com\/wp-content\/uploads\/2026\/02\/certificate-signed_EN1090-768x1086.jpg 768w, https:\/\/skapoultryequipment.com\/wp-content\/uploads\/2026\/02\/certificate-signed_EN1090-1086x1536.jpg 1086w, https:\/\/skapoultryequipment.com\/wp-content\/uploads\/2026\/02\/certificate-signed_EN1090-1448x2048.jpg 1448w, https:\/\/skapoultryequipment.com\/wp-content\/uploads\/2026\/02\/certificate-signed_EN1090-1061x1500.jpg 1061w, https:\/\/skapoultryequipment.com\/wp-content\/uploads\/2026\/02\/certificate-signed_EN1090-499x705.jpg 499w, https:\/\/skapoultryequipment.com\/wp-content\/uploads\/2026\/02\/certificate-signed_EN1090-scaled.jpg 1810w\" sizes=\"(max-width: 728px) 100vw, 728px\" \/><\/a><\/div><\/div><\/div><br \/>\n\n<style type=\"text\/css\" data-created_by=\"avia_inline_auto\" id=\"style-css-av-kg6b5k5x-1c07f55a827a922257830ed202ab5aa5\">\n#top .hr.hr-invisible.av-kg6b5k5x-1c07f55a827a922257830ed202ab5aa5{\nheight:10px;\n}\n<\/style>\n<div  class='hr av-kg6b5k5x-1c07f55a827a922257830ed202ab5aa5 hr-invisible  avia-builder-el-15  el_after_av_image  el_before_av_button '><span class='hr-inner '><span class=\"hr-inner-style\"><\/span><\/span><\/div><br \/>\n<div  class='avia-button-wrap av-kfe1sawt-185a0405170f5401156d9a3d8c34b93c-wrap avia-button-center  avia-builder-el-16  el_after_av_hr  avia-builder-el-last '><a href='http:\/\/skapoultryequipment.com\/wp-content\/uploads\/2026\/02\/certificate-signed_EN1090.pdf'  class='avia-button av-kfe1sawt-185a0405170f5401156d9a3d8c34b93c av-link-btn avia-icon_select-yes-right-icon avia-size-large avia-position-center avia-color-dark'   aria-label=\"Certificato EN 1090\"><span class='avia_iconbox_title' >Certificato EN 1090<\/span><span class='avia_button_icon avia_button_icon_right' aria-hidden='true' data-av_icon='\ue82d' data-av_iconfont='entypo-fontello'><\/span><\/a><\/div><\/p><\/div>\n<style type=\"text\/css\" data-created_by=\"avia_inline_auto\" id=\"style-css-av-kg6bm7rx-50405fd7fc5ec01dee3158db9aee5fce\">\n#top .hr.hr-invisible.av-kg6bm7rx-50405fd7fc5ec01dee3158db9aee5fce{\nheight:30px;\n}\n<\/style>\n<div  class='hr av-kg6bm7rx-50405fd7fc5ec01dee3158db9aee5fce hr-invisible  avia-builder-el-17  el_after_av_one_third  avia-builder-el-last '><span class='hr-inner '><span class=\"hr-inner-style\"><\/span><\/span><\/div>\n\n","protected":false},"excerpt":{"rendered":"","protected":false},"author":1,"featured_media":0,"parent":0,"menu_order":0,"comment_status":"closed","ping_status":"closed","template":"","meta":{"footnotes":""},"class_list":["post-4229","page","type-page","status-publish","hentry"],"yoast_head":"<!-- This site is optimized with the Yoast SEO plugin v23.4 - https:\/\/yoast.com\/wordpress\/plugins\/seo\/ -->\n<title>Certifications - SKA Poultry Equipment<\/title>\n<meta name=\"robots\" content=\"index, follow, max-snippet:-1, max-image-preview:large, max-video-preview:-1\" \/>\n<link rel=\"canonical\" href=\"https:\/\/skapoultryequipment.com\/fr\/certifications\/\" \/>\n<meta property=\"og:locale\" content=\"fr_FR\" \/>\n<meta property=\"og:type\" content=\"article\" \/>\n<meta property=\"og:title\" content=\"Certifications - SKA Poultry Equipment\" \/>\n<meta property=\"og:url\" content=\"https:\/\/skapoultryequipment.com\/fr\/certifications\/\" \/>\n<meta property=\"og:site_name\" content=\"SKA Poultry Equipment\" \/>\n<meta property=\"article:modified_time\" content=\"2026-02-23T11:28:53+00:00\" \/>\n<meta name=\"twitter:card\" content=\"summary_large_image\" \/>\n<meta name=\"twitter:label1\" content=\"Dur\u00e9e de lecture estim\u00e9e\" \/>\n\t<meta name=\"twitter:data1\" content=\"1 minute\" \/>\n<script type=\"application\/ld+json\" class=\"yoast-schema-graph\">{\"@context\":\"https:\/\/schema.org\",\"@graph\":[{\"@type\":\"WebPage\",\"@id\":\"https:\/\/skapoultryequipment.com\/fr\/certifications\/\",\"url\":\"https:\/\/skapoultryequipment.com\/fr\/certifications\/\",\"name\":\"Certifications - SKA Poultry Equipment\",\"isPartOf\":{\"@id\":\"https:\/\/skapoultryequipment.com\/#website\"},\"datePublished\":\"2020-09-21T12:12:43+00:00\",\"dateModified\":\"2026-02-23T11:28:53+00:00\",\"breadcrumb\":{\"@id\":\"https:\/\/skapoultryequipment.com\/fr\/certifications\/#breadcrumb\"},\"inLanguage\":\"fr-FR\",\"potentialAction\":[{\"@type\":\"ReadAction\",\"target\":[\"https:\/\/skapoultryequipment.com\/fr\/certifications\/\"]}]},{\"@type\":\"BreadcrumbList\",\"@id\":\"https:\/\/skapoultryequipment.com\/fr\/certifications\/#breadcrumb\",\"itemListElement\":[{\"@type\":\"ListItem\",\"position\":1,\"name\":\"Home\",\"item\":\"https:\/\/skapoultryequipment.com\/fr\/home\/\"},{\"@type\":\"ListItem\",\"position\":2,\"name\":\"Certifications\"}]},{\"@type\":\"WebSite\",\"@id\":\"https:\/\/skapoultryequipment.com\/#website\",\"url\":\"https:\/\/skapoultryequipment.com\/\",\"name\":\"SKA Poultry Equipment\",\"description\":\"SKA azienda leader nel settore della progettazione e produzione di impianti ed attrezzature per l&#039;allevamento avicolo a terra.\",\"publisher\":{\"@id\":\"https:\/\/skapoultryequipment.com\/#organization\"},\"potentialAction\":[{\"@type\":\"SearchAction\",\"target\":{\"@type\":\"EntryPoint\",\"urlTemplate\":\"https:\/\/skapoultryequipment.com\/?s={search_term_string}\"},\"query-input\":{\"@type\":\"PropertyValueSpecification\",\"valueRequired\":true,\"valueName\":\"search_term_string\"}}],\"inLanguage\":\"fr-FR\"},{\"@type\":\"Organization\",\"@id\":\"https:\/\/skapoultryequipment.com\/#organization\",\"name\":\"SKA S.r.l.\",\"url\":\"https:\/\/skapoultryequipment.com\/\",\"logo\":{\"@type\":\"ImageObject\",\"inLanguage\":\"fr-FR\",\"@id\":\"https:\/\/skapoultryequipment.com\/#\/schema\/logo\/image\/\",\"url\":\"https:\/\/skapoultryequipment.com\/wp-content\/uploads\/2020\/09\/logo-SKA.png\",\"contentUrl\":\"https:\/\/skapoultryequipment.com\/wp-content\/uploads\/2020\/09\/logo-SKA.png\",\"width\":183,\"height\":183,\"caption\":\"SKA S.r.l.\"},\"image\":{\"@id\":\"https:\/\/skapoultryequipment.com\/#\/schema\/logo\/image\/\"}}]}<\/script>\n<!-- \/ Yoast SEO plugin. -->","yoast_head_json":{"title":"Certifications - SKA Poultry Equipment","robots":{"index":"index","follow":"follow","max-snippet":"max-snippet:-1","max-image-preview":"max-image-preview:large","max-video-preview":"max-video-preview:-1"},"canonical":"https:\/\/skapoultryequipment.com\/fr\/certifications\/","og_locale":"fr_FR","og_type":"article","og_title":"Certifications - SKA Poultry Equipment","og_url":"https:\/\/skapoultryequipment.com\/fr\/certifications\/","og_site_name":"SKA Poultry Equipment","article_modified_time":"2026-02-23T11:28:53+00:00","twitter_card":"summary_large_image","twitter_misc":{"Dur\u00e9e de lecture estim\u00e9e":"1 minute"},"schema":{"@context":"https:\/\/schema.org","@graph":[{"@type":"WebPage","@id":"https:\/\/skapoultryequipment.com\/fr\/certifications\/","url":"https:\/\/skapoultryequipment.com\/fr\/certifications\/","name":"Certifications - SKA Poultry Equipment","isPartOf":{"@id":"https:\/\/skapoultryequipment.com\/#website"},"datePublished":"2020-09-21T12:12:43+00:00","dateModified":"2026-02-23T11:28:53+00:00","breadcrumb":{"@id":"https:\/\/skapoultryequipment.com\/fr\/certifications\/#breadcrumb"},"inLanguage":"fr-FR","potentialAction":[{"@type":"ReadAction","target":["https:\/\/skapoultryequipment.com\/fr\/certifications\/"]}]},{"@type":"BreadcrumbList","@id":"https:\/\/skapoultryequipment.com\/fr\/certifications\/#breadcrumb","itemListElement":[{"@type":"ListItem","position":1,"name":"Home","item":"https:\/\/skapoultryequipment.com\/fr\/home\/"},{"@type":"ListItem","position":2,"name":"Certifications"}]},{"@type":"WebSite","@id":"https:\/\/skapoultryequipment.com\/#website","url":"https:\/\/skapoultryequipment.com\/","name":"SKA Poultry Equipment","description":"SKA azienda leader nel settore della progettazione e produzione di impianti ed attrezzature per l&#039;allevamento avicolo a terra.","publisher":{"@id":"https:\/\/skapoultryequipment.com\/#organization"},"potentialAction":[{"@type":"SearchAction","target":{"@type":"EntryPoint","urlTemplate":"https:\/\/skapoultryequipment.com\/?s={search_term_string}"},"query-input":{"@type":"PropertyValueSpecification","valueRequired":true,"valueName":"search_term_string"}}],"inLanguage":"fr-FR"},{"@type":"Organization","@id":"https:\/\/skapoultryequipment.com\/#organization","name":"SKA S.r.l.","url":"https:\/\/skapoultryequipment.com\/","logo":{"@type":"ImageObject","inLanguage":"fr-FR","@id":"https:\/\/skapoultryequipment.com\/#\/schema\/logo\/image\/","url":"https:\/\/skapoultryequipment.com\/wp-content\/uploads\/2020\/09\/logo-SKA.png","contentUrl":"https:\/\/skapoultryequipment.com\/wp-content\/uploads\/2020\/09\/logo-SKA.png","width":183,"height":183,"caption":"SKA S.r.l."},"image":{"@id":"https:\/\/skapoultryequipment.com\/#\/schema\/logo\/image\/"}}]}},"_links":{"self":[{"href":"https:\/\/skapoultryequipment.com\/fr\/wp-json\/wp\/v2\/pages\/4229"}],"collection":[{"href":"https:\/\/skapoultryequipment.com\/fr\/wp-json\/wp\/v2\/pages"}],"about":[{"href":"https:\/\/skapoultryequipment.com\/fr\/wp-json\/wp\/v2\/types\/page"}],"author":[{"embeddable":true,"href":"https:\/\/skapoultryequipment.com\/fr\/wp-json\/wp\/v2\/users\/1"}],"replies":[{"embeddable":true,"href":"https:\/\/skapoultryequipment.com\/fr\/wp-json\/wp\/v2\/comments?post=4229"}],"version-history":[{"count":13,"href":"https:\/\/skapoultryequipment.com\/fr\/wp-json\/wp\/v2\/pages\/4229\/revisions"}],"predecessor-version":[{"id":13064,"href":"https:\/\/skapoultryequipment.com\/fr\/wp-json\/wp\/v2\/pages\/4229\/revisions\/13064"}],"wp:attachment":[{"href":"https:\/\/skapoultryequipment.com\/fr\/wp-json\/wp\/v2\/media?parent=4229"}],"curies":[{"name":"wp","href":"https:\/\/api.w.org\/{rel}","templated":true}]}}