{"id":4262,"date":"2020-09-21T12:12:37","date_gmt":"2020-09-21T12:12:37","guid":{"rendered":"http:\/\/skapoultryequipment.com\/faq\/"},"modified":"2020-12-15T09:05:52","modified_gmt":"2020-12-15T09:05:52","slug":"faq","status":"publish","type":"page","link":"https:\/\/skapoultryequipment.com\/fr\/faq\/","title":{"rendered":"FAQ"},"content":{"rendered":"<div id='av_section_1'  class='avia-section av-ngkeq-c89af42c939850d129480a601afd3bf1 main_color avia-section-default avia-no-border-styling  avia-builder-el-0  avia-builder-el-no-sibling  sez-01 avia-bg-style-scroll container_wrap fullsize'  ><div class='container av-section-cont-open' ><main  role=\"main\" itemprop=\"mainContentOfPage\"  class='template-page content  av-content-full alpha units'><div class='post-entry post-entry-type-page post-entry-4262'><div class='entry-content-wrapper clearfix'>\n\n<style type=\"text\/css\" data-created_by=\"avia_inline_auto\" id=\"style-css-av-1fttu-e47fb718ccf13800cf3b0b1810565a8b\">\n.flex_column.av-1fttu-e47fb718ccf13800cf3b0b1810565a8b{\nborder-radius:0px 0px 0px 0px;\npadding:0px 0px 0px 0px;\n}\n<\/style>\n<div  class='flex_column av-1fttu-e47fb718ccf13800cf3b0b1810565a8b av_one_full  avia-builder-el-1  el_before_av_one_full  avia-builder-el-first  first flex_column_div av-zero-column-padding  '     ><section  class='av_textblock_section av-kg2c9sda-de7c886254d515313e11180f2ab934cd '   itemscope=\"itemscope\" itemtype=\"https:\/\/schema.org\/CreativeWork\" ><div class='avia_textblock'  itemprop=\"text\" ><h1>FAQ<\/h1>\n<\/div><\/section><br \/>\n<section  class='av_textblock_section av-kg2c9sda-de7c886254d515313e11180f2ab934cd '   itemscope=\"itemscope\" itemtype=\"https:\/\/schema.org\/CreativeWork\" ><div class='avia_textblock'  itemprop=\"text\" ><p>Informations et conseils sur l\u2019\u00e9quipment<\/p>\n<\/div><\/section><\/p><\/div>\n<style type=\"text\/css\" data-created_by=\"avia_inline_auto\" id=\"style-css-av-b2uvu-42c1e933a80534204ddd3bf72a66e059\">\n.flex_column.av-b2uvu-42c1e933a80534204ddd3bf72a66e059{\nborder-radius:0px 0px 0px 0px;\npadding:0px 0px 0px 0px;\n}\n<\/style>\n<div  class='flex_column av-b2uvu-42c1e933a80534204ddd3bf72a66e059 av_one_full  avia-builder-el-4  el_after_av_one_full  avia-builder-el-last  first flex_column_div av-zero-column-padding  column-top-margin'     ><style type=\"text\/css\" data-created_by=\"avia_inline_auto\" id=\"style-css-av-s6ks6-f7691a11a275f16ac01be5387713c965\">\n#top .togglecontainer.av-s6ks6-f7691a11a275f16ac01be5387713c965 p.toggler{\nborder-color:#e13522;\n}\n#top .togglecontainer.av-s6ks6-f7691a11a275f16ac01be5387713c965 p.toggler.activeTitle{\ncolor:#e13522;\nborder-color:#e13522;\n}\n#top .togglecontainer.av-s6ks6-f7691a11a275f16ac01be5387713c965 p.toggler:not(.activeTitle):hover{\ncolor:#ffffff;\nbackground-color:#e13522;\n}\n#top .togglecontainer.av-s6ks6-f7691a11a275f16ac01be5387713c965 p.toggler:not(.activeTitle):hover .toggle_icon, #top .togglecontainer.av-s6ks6-f7691a11a275f16ac01be5387713c965 p.toggler:not(.activeTitle):hover .toggle_icon *{\nborder-color:#ffffff !important;\n}\n#top .togglecontainer.av-s6ks6-f7691a11a275f16ac01be5387713c965 .toggle_wrap .toggle_content{\nborder-color:#e13522;\n}\n<\/style>\n<div  class='togglecontainer av-s6ks6-f7691a11a275f16ac01be5387713c965 av-minimal-toggle  avia-builder-el-5  avia-builder-el-no-sibling  accordion-custom toggle_close_all hasCurrentStyle' >\n<section class='av_toggle_section av-av_toggle-7b3d8857800ca6ebb5cd0a2e7be5c85a'  itemscope=\"itemscope\" itemtype=\"https:\/\/schema.org\/CreativeWork\" ><div role=\"tablist\" class=\"single_toggle\" data-tags=\"{Tout} \"  ><p id='toggle-toggle-id-1' data-fake-id='#toggle-id-1' class='toggler  av-title-above av-inherit-border-color'  itemprop=\"headline\"  role='tab' tabindex='0' aria-controls='toggle-id-1' data-slide-speed=\"200\" data-title=\"Quels sont les principaux param\u00e8tres fournis par la norme europ\u00e9enne?\" data-title-open=\"\" data-aria_collapsed=\"Click to expand: Quels sont les principaux param\u00e8tres fournis par la norme europ\u00e9enne?\" data-aria_expanded=\"Click to collapse: Quels sont les principaux param\u00e8tres fournis par la norme europ\u00e9enne?\">Quels sont les principaux param\u00e8tres fournis par la norme europ\u00e9enne?<span class=\"toggle_icon\"><span class=\"vert_icon\"><\/span><span class=\"hor_icon\"><\/span><\/span><\/p><div id='toggle-id-1' aria-labelledby='toggle-toggle-id-1' role='region' class='toggle_wrap  av-title-above'  ><div class='toggle_content invers-color av-inherit-border-color'  itemprop=\"text\" ><ol>\n<li>mangeoires longitudinales qui offrent 10 centim\u00e8tres minimum de longueur par poule ou mangeoires circulaires qui offrent 4 centim\u00e8tres minimum de longueur par poule;<\/li>\n<li>abreuvoirs continus qui offrent 2.5 centim\u00e8tres minimum de longueur par poule ou circulaires qui offrent 1 centim\u00e8tre minimum de longueur par poule. En outre, dans le cas d&rsquo;utilisation des abreuvoirs \u00e0 t\u00e9tines ou \u00e0 coupes, il doit y avoir au moins une t\u00e9tine ou une coupe por 10 poules et, dans le cas de abreuvoirs \u00e0 raccords, chaque poule pondeuse doit \u00eatre en mesure d&rsquo;atteindre au moins deux t\u00e9tines ou deux coupes;<\/li>\n<li>au moins un nid pour sept poules. Lorsque des nids collectifs sont utilis\u00e9s, il doit y avoir une superficie d&rsquo;au moins 1 m\u00e8tre carr\u00e9 pour un maximum de 120 poules pondeuses;<\/li>\n<li>perchoirs appropri\u00e9s, sans ar\u00eate ac\u00e9r\u00e9e et offrant au moins 15 centim\u00e8tres de longueur par poule. Les perchoirs ne doit pas \u00eatre install\u00e9s au-dessus de la liti\u00e8re et la distance horizontale entre les perchoirs ne doit pas \u00eatre inf\u00e9rieure \u00e0 30 cm et celle entre le perchoir et le mur pas inf\u00e9rieure \u00e0 20 cm;<\/li>\n<li>la densit\u00e9 animale ne doit pas comporter plus de neuf poules pondeuses par mq de surface utilisable.<\/li>\n<\/ol>\n<\/div><\/div><\/div><\/section>\n<section class='av_toggle_section av-av_toggle-a7c6bfe8992bd9883acfe1222cfb9936'  itemscope=\"itemscope\" itemtype=\"https:\/\/schema.org\/CreativeWork\" ><div role=\"tablist\" class=\"single_toggle\" data-tags=\"{Tout} \"  ><p id='toggle-toggle-id-2' data-fake-id='#toggle-id-2' class='toggler  av-title-above av-inherit-border-color'  itemprop=\"headline\"  role='tab' tabindex='0' aria-controls='toggle-id-2' data-slide-speed=\"200\" data-title=\"Qu\u2019entend-on par surface utilisable?\" data-title-open=\"\" data-aria_collapsed=\"Click to expand: Qu\u2019entend-on par surface utilisable?\" data-aria_expanded=\"Click to collapse: Qu\u2019entend-on par surface utilisable?\">Qu\u2019entend-on par surface utilisable?<span class=\"toggle_icon\"><span class=\"vert_icon\"><\/span><span class=\"hor_icon\"><\/span><\/span><\/p><div id='toggle-id-2' aria-labelledby='toggle-toggle-id-2' role='region' class='toggle_wrap  av-title-above'  ><div class='toggle_content invers-color av-inherit-border-color'  itemprop=\"text\" ><p>Une surface avec une largeur minimale de 30 cm, un gradient maximal de 14 pour cent domin\u00e9 par un espace ouvert avec une hauteur minimale de 45 cm. Les zones de nidification ne font pas partie de la surface utilisable.<\/p>\n<\/div><\/div><\/div><\/section>\n<section class='av_toggle_section av-av_toggle-1a316e34347746b060cac63a9ce714c0'  itemscope=\"itemscope\" itemtype=\"https:\/\/schema.org\/CreativeWork\" ><div role=\"tablist\" class=\"single_toggle\" data-tags=\"{Tout} \"  ><p id='toggle-toggle-id-3' data-fake-id='#toggle-id-3' class='toggler  av-title-above av-inherit-border-color'  itemprop=\"headline\"  role='tab' tabindex='0' aria-controls='toggle-id-3' data-slide-speed=\"200\" data-title=\"Peux je faire un \u00e9levage des poules pondeuses sans perchoir?\" data-title-open=\"\" data-aria_collapsed=\"Click to expand: Peux je faire un \u00e9levage des poules pondeuses sans perchoir?\" data-aria_expanded=\"Click to collapse: Peux je faire un \u00e9levage des poules pondeuses sans perchoir?\">Peux je faire un \u00e9levage des poules pondeuses sans perchoir?<span class=\"toggle_icon\"><span class=\"vert_icon\"><\/span><span class=\"hor_icon\"><\/span><\/span><\/p><div id='toggle-id-3' aria-labelledby='toggle-toggle-id-3' role='region' class='toggle_wrap  av-title-above'  ><div class='toggle_content invers-color av-inherit-border-color'  itemprop=\"text\" ><p>NON, le perchoir n&rsquo;est pas obligatoire mais il est obligatoire d&rsquo;avoir 15 cm de tr\u00e9teau pour poule (18 cm si BIO) et les tr\u00e9teaux sont tenus d&rsquo;\u00eatre install\u00e9s sur le perchoir. Veuillez noter qu&rsquo;au moins un tiers de la surface utilisable est la liti\u00e8re.<\/p>\n<\/div><\/div><\/div><\/section>\n<section class='av_toggle_section av-av_toggle-16d3098bfe9aa79de592c2a1da8e1dc1'  itemscope=\"itemscope\" itemtype=\"https:\/\/schema.org\/CreativeWork\" ><div role=\"tablist\" class=\"single_toggle\" data-tags=\"{Tout} \"  ><p id='toggle-toggle-id-4' data-fake-id='#toggle-id-4' class='toggler  av-title-above av-inherit-border-color'  itemprop=\"headline\"  role='tab' tabindex='0' aria-controls='toggle-id-4' data-slide-speed=\"200\" data-title=\"Quelles sont les principales caract\u00e9ristiques de l\u2019elevage biologique?\" data-title-open=\"\" data-aria_collapsed=\"Click to expand: Quelles sont les principales caract\u00e9ristiques de l\u2019elevage biologique?\" data-aria_expanded=\"Click to collapse: Quelles sont les principales caract\u00e9ristiques de l\u2019elevage biologique?\">Quelles sont les principales caract\u00e9ristiques de l\u2019elevage biologique?<span class=\"toggle_icon\"><span class=\"vert_icon\"><\/span><span class=\"hor_icon\"><\/span><\/span><\/p><div id='toggle-id-4' aria-labelledby='toggle-toggle-id-4' role='region' class='toggle_wrap  av-title-above'  ><div class='toggle_content invers-color av-inherit-border-color'  itemprop=\"text\" ><p>L&rsquo;\u00e9levage biologique doit assurer un lien \u00e9troit avec la terre. Les aliments pour animaux doivent provenir de l&rsquo;agriculture biologique et au moins 50% de la ferme ou produits en coop\u00e9ration avec d&rsquo;autres fermes biologiques appartenant \u00e0 la m\u00eame zone.<br \/>\nL&rsquo;\u00e9levage biologique joue une grande importance dans l&rsquo;agriculture biologique, pour l&rsquo;ajout de mati\u00e8re organique et de nutriments utiles pour les cultures. La charge de b\u00e9tail doit toujours \u00eatre en rapport avec la superficie de la ferme et\/ou du district pour s&rsquo;assurer qu&rsquo;il est correctement g\u00e9r\u00e9 l&rsquo;\u00e9pandage de fumier.<br \/>\nL&rsquo;\u00e9levage biologique doit veiller au bien-\u00eatre des animaux. Dans cette perspective, sont importantes: les pratiques d&rsquo;\u00e9levage, les conditions de logement, le choix des esp\u00e8ces, le nombre d&rsquo;animaux pr\u00e9sents dans la structure de l&rsquo;\u00e9levage et le respect de cycles de production des diff\u00e9rentes esp\u00e8ces animales. Dans ce champ on doit introduire la n\u00e9cessit\u00e9 de faire acc\u00e9der les animaux, lorsque cela est possible, \u00e0 des espaces de plein air ou de p\u00e2turage.<br \/>\nLes animaux au d\u00e9but de la conversion de l&rsquo;\u00e9levage et les produits d\u00e9riv\u00e9s, doivent \u00eatre consid\u00e9r\u00e9s comme biologiques apr\u00e8s la p\u00e9riode de conversion, qui varie selon les esp\u00e8ces et le type de production. Les animaux qui sont n\u00e9s et \u00e9lev\u00e9s dans fermes biologiques sont consid\u00e9r\u00e9es biologiques.<br \/>\nDans le cas de la premier\u00e8 constitution d&rsquo;un \u00e8levage, on peut ins\u00e9rer de jeunes animaux non biologiques, \u00e9lev\u00e9s d&rsquo;une mani\u00e8re biologique imm\u00e9diatement apr\u00e8s le sevrage. Aux fins de reproduction, ils peuvent \u00eatre plac\u00e9s, au fil des ann\u00e9es, des animaux \u00e9lev\u00e9s d&rsquo;une mani\u00e8re non biologique, ils doivent ensuite compl\u00e9ter la p\u00e9riode de conversion.<\/p>\n<\/div><\/div><\/div><\/section>\n<section class='av_toggle_section av-av_toggle-3f28755cc38ad7b8c9ae53bbef7f7d68'  itemscope=\"itemscope\" itemtype=\"https:\/\/schema.org\/CreativeWork\" ><div role=\"tablist\" class=\"single_toggle\" data-tags=\"{Tout} \"  ><p id='toggle-toggle-id-5' data-fake-id='#toggle-id-5' class='toggler  av-title-above av-inherit-border-color'  itemprop=\"headline\"  role='tab' tabindex='0' aria-controls='toggle-id-5' data-slide-speed=\"200\" data-title=\"Comment les animaux sont \u00e9lev\u00e9s?\" data-title-open=\"\" data-aria_collapsed=\"Click to expand: Comment les animaux sont \u00e9lev\u00e9s?\" data-aria_expanded=\"Click to collapse: Comment les animaux sont \u00e9lev\u00e9s?\">Comment les animaux sont \u00e9lev\u00e9s?<span class=\"toggle_icon\"><span class=\"vert_icon\"><\/span><span class=\"hor_icon\"><\/span><\/span><\/p><div id='toggle-id-5' aria-labelledby='toggle-toggle-id-5' role='region' class='toggle_wrap  av-title-above'  ><div class='toggle_content invers-color av-inherit-border-color'  itemprop=\"text\" ><p>Les animaux sont \u00e9lev\u00e9s dans le moyen le plus naturel possible. C&rsquo;est pour satisfaire leurs besoins naturels et de permettre leur comportement naturel. Les syst\u00e8mes d&rsquo;\u00e9levage en plein air sont pr\u00e9dominantes dans l&rsquo;agriculture biologique puisque pour les animaux se d\u00e9placer librement, choisir leur propre nourriture et avoir des contacts sociaux constituent des besoins fondamentaux. Les animaux peuvent explorer, faire du fouissement (porcs), p\u00e2turer (bovins), gratter ou prendre un bain de sable (poulets). Prendre un bain de sable, par exemple, n&rsquo;est pas seulement un rite, mais permet aux poulets de se d\u00e9barrasser des parasites. Les param\u00e8tres de ce type d&rsquo;\u00e9levage sont d\u00e9finis par une norme europ\u00e9enne.<\/p>\n<\/div><\/div><\/div><\/section>\n<section class='av_toggle_section av-av_toggle-74d0a0f853f9802ff6486946db61c2cb'  itemscope=\"itemscope\" itemtype=\"https:\/\/schema.org\/CreativeWork\" ><div role=\"tablist\" class=\"single_toggle\" data-tags=\"{Tout} \"  ><p id='toggle-toggle-id-6' data-fake-id='#toggle-id-6' class='toggler  av-title-above av-inherit-border-color'  itemprop=\"headline\"  role='tab' tabindex='0' aria-controls='toggle-id-6' data-slide-speed=\"200\" data-title=\"Quelles sont les principales diff\u00e9rences par rapport \u00e0 l\u2019\u00e9levage traditionnel?\" data-title-open=\"\" data-aria_collapsed=\"Click to expand: Quelles sont les principales diff\u00e9rences par rapport \u00e0 l\u2019\u00e9levage traditionnel?\" data-aria_expanded=\"Click to collapse: Quelles sont les principales diff\u00e9rences par rapport \u00e0 l\u2019\u00e9levage traditionnel?\">Quelles sont les principales diff\u00e9rences par rapport \u00e0 l\u2019\u00e9levage traditionnel?<span class=\"toggle_icon\"><span class=\"vert_icon\"><\/span><span class=\"hor_icon\"><\/span><\/span><\/p><div id='toggle-id-6' aria-labelledby='toggle-toggle-id-6' role='region' class='toggle_wrap  av-title-above'  ><div class='toggle_content invers-color av-inherit-border-color'  itemprop=\"text\" ><p><strong>Les animaux ont plus d&rsquo;espace disponible.<\/strong><br \/>\nPar rapport aux fermes conventionnelles celles biologiques offrent beaucoup plus d&rsquo;espace pour les animaux afin de r\u00e9pondre aux diff\u00e9rents besoins, qui sont, manger, dormir, faire la toilette, d\u00e9f\u00e9quer. La grandeur des groupes d&rsquo;animaux est r\u00e9duite pour \u00e9viter le stress et le cannibalisme.<br \/>\n<strong>Les animaux ont acc\u00e8s \u00e0 des espaces ext\u00e9rieurs et \u00e0 la lumi\u00e8re du soleil.<\/strong><br \/>\n<strong>Les animaux sont nourris avec des aliments biologiques.<\/strong><br \/>\nLe but est d&rsquo;assurer un niveau \u00e9lev\u00e9 de bien-\u00eatre des animaux et le respect de l&rsquo;environnement, afin de limiter la consommation de drogues et d&rsquo;obtenir un produit sain, sans r\u00e9sidus comme m\u00e9dicaments ou pesticides. Les \u00e9leveurs certifi\u00e9s biologiques doivent enregistrer des donn\u00e9es sur la reproduction, la nutrition, le traitement m\u00e9dical, la production, l&rsquo;abattage et la commercialisation. Ces op\u00e9rations permettent la tra\u00e7abilit\u00e9 des produits biologiques d&rsquo;origine animale. Dans la production conventionnelle n&rsquo;est pas n\u00e9cessaire rien de comparable.<br \/>\nToutes ces mesures garantissent des produits (lait, \u0153ufs, viande) provenant d&rsquo;animaux \u00e9lev\u00e9s dans des conditions de bien-\u00eatre \u00e9lev\u00e9s et contenants des r\u00e9sidus de pesticides et de m\u00e9dicaments inf\u00e9rieurs \u00e0 ceux des animaux provenants des fermes conventionnelles. Les produits sont tra\u00e7ables \u00e0 la ferme d&rsquo;origine, en assurant la trasparence de la cha\u00eene de production et en permettant, dans le cas d&rsquo;\u00e9v\u00e9nements tels que l&rsquo;intoxication alimentaire, de prendre les mesures n\u00e9cessaires.<\/p>\n<\/div><\/div><\/div><\/section>\n<\/div><\/div>\n","protected":false},"excerpt":{"rendered":"","protected":false},"author":1,"featured_media":0,"parent":0,"menu_order":0,"comment_status":"closed","ping_status":"closed","template":"","meta":{"footnotes":""},"class_list":["post-4262","page","type-page","status-publish","hentry"],"yoast_head":"<!-- This site is optimized with the Yoast SEO plugin v23.4 - https:\/\/yoast.com\/wordpress\/plugins\/seo\/ -->\n<title>FAQ - SKA Poultry Equipment<\/title>\n<meta name=\"robots\" content=\"index, follow, max-snippet:-1, max-image-preview:large, max-video-preview:-1\" \/>\n<link rel=\"canonical\" href=\"https:\/\/skapoultryequipment.com\/fr\/faq\/\" \/>\n<meta property=\"og:locale\" content=\"fr_FR\" \/>\n<meta property=\"og:type\" content=\"article\" \/>\n<meta property=\"og:title\" content=\"FAQ - SKA Poultry Equipment\" \/>\n<meta property=\"og:url\" content=\"https:\/\/skapoultryequipment.com\/fr\/faq\/\" \/>\n<meta property=\"og:site_name\" content=\"SKA Poultry Equipment\" \/>\n<meta property=\"article:modified_time\" content=\"2020-12-15T09:05:52+00:00\" \/>\n<meta name=\"twitter:card\" content=\"summary_large_image\" \/>\n<meta name=\"twitter:label1\" content=\"Dur\u00e9e de lecture estim\u00e9e\" \/>\n\t<meta name=\"twitter:data1\" content=\"8 minutes\" \/>\n<script type=\"application\/ld+json\" class=\"yoast-schema-graph\">{\"@context\":\"https:\/\/schema.org\",\"@graph\":[{\"@type\":\"WebPage\",\"@id\":\"https:\/\/skapoultryequipment.com\/fr\/faq\/\",\"url\":\"https:\/\/skapoultryequipment.com\/fr\/faq\/\",\"name\":\"FAQ - SKA Poultry Equipment\",\"isPartOf\":{\"@id\":\"https:\/\/skapoultryequipment.com\/#website\"},\"datePublished\":\"2020-09-21T12:12:37+00:00\",\"dateModified\":\"2020-12-15T09:05:52+00:00\",\"breadcrumb\":{\"@id\":\"https:\/\/skapoultryequipment.com\/fr\/faq\/#breadcrumb\"},\"inLanguage\":\"fr-FR\",\"potentialAction\":[{\"@type\":\"ReadAction\",\"target\":[\"https:\/\/skapoultryequipment.com\/fr\/faq\/\"]}]},{\"@type\":\"BreadcrumbList\",\"@id\":\"https:\/\/skapoultryequipment.com\/fr\/faq\/#breadcrumb\",\"itemListElement\":[{\"@type\":\"ListItem\",\"position\":1,\"name\":\"Home\",\"item\":\"https:\/\/skapoultryequipment.com\/fr\/home\/\"},{\"@type\":\"ListItem\",\"position\":2,\"name\":\"FAQ\"}]},{\"@type\":\"WebSite\",\"@id\":\"https:\/\/skapoultryequipment.com\/#website\",\"url\":\"https:\/\/skapoultryequipment.com\/\",\"name\":\"SKA Poultry Equipment\",\"description\":\"SKA azienda leader nel settore della progettazione e produzione di impianti ed attrezzature per l&#039;allevamento avicolo a terra.\",\"publisher\":{\"@id\":\"https:\/\/skapoultryequipment.com\/#organization\"},\"potentialAction\":[{\"@type\":\"SearchAction\",\"target\":{\"@type\":\"EntryPoint\",\"urlTemplate\":\"https:\/\/skapoultryequipment.com\/?s={search_term_string}\"},\"query-input\":{\"@type\":\"PropertyValueSpecification\",\"valueRequired\":true,\"valueName\":\"search_term_string\"}}],\"inLanguage\":\"fr-FR\"},{\"@type\":\"Organization\",\"@id\":\"https:\/\/skapoultryequipment.com\/#organization\",\"name\":\"SKA S.r.l.\",\"url\":\"https:\/\/skapoultryequipment.com\/\",\"logo\":{\"@type\":\"ImageObject\",\"inLanguage\":\"fr-FR\",\"@id\":\"https:\/\/skapoultryequipment.com\/#\/schema\/logo\/image\/\",\"url\":\"https:\/\/skapoultryequipment.com\/wp-content\/uploads\/2020\/09\/logo-SKA.png\",\"contentUrl\":\"https:\/\/skapoultryequipment.com\/wp-content\/uploads\/2020\/09\/logo-SKA.png\",\"width\":183,\"height\":183,\"caption\":\"SKA S.r.l.\"},\"image\":{\"@id\":\"https:\/\/skapoultryequipment.com\/#\/schema\/logo\/image\/\"}}]}<\/script>\n<!-- \/ Yoast SEO plugin. -->","yoast_head_json":{"title":"FAQ - SKA Poultry Equipment","robots":{"index":"index","follow":"follow","max-snippet":"max-snippet:-1","max-image-preview":"max-image-preview:large","max-video-preview":"max-video-preview:-1"},"canonical":"https:\/\/skapoultryequipment.com\/fr\/faq\/","og_locale":"fr_FR","og_type":"article","og_title":"FAQ - SKA Poultry Equipment","og_url":"https:\/\/skapoultryequipment.com\/fr\/faq\/","og_site_name":"SKA Poultry Equipment","article_modified_time":"2020-12-15T09:05:52+00:00","twitter_card":"summary_large_image","twitter_misc":{"Dur\u00e9e de lecture estim\u00e9e":"8 minutes"},"schema":{"@context":"https:\/\/schema.org","@graph":[{"@type":"WebPage","@id":"https:\/\/skapoultryequipment.com\/fr\/faq\/","url":"https:\/\/skapoultryequipment.com\/fr\/faq\/","name":"FAQ - SKA Poultry Equipment","isPartOf":{"@id":"https:\/\/skapoultryequipment.com\/#website"},"datePublished":"2020-09-21T12:12:37+00:00","dateModified":"2020-12-15T09:05:52+00:00","breadcrumb":{"@id":"https:\/\/skapoultryequipment.com\/fr\/faq\/#breadcrumb"},"inLanguage":"fr-FR","potentialAction":[{"@type":"ReadAction","target":["https:\/\/skapoultryequipment.com\/fr\/faq\/"]}]},{"@type":"BreadcrumbList","@id":"https:\/\/skapoultryequipment.com\/fr\/faq\/#breadcrumb","itemListElement":[{"@type":"ListItem","position":1,"name":"Home","item":"https:\/\/skapoultryequipment.com\/fr\/home\/"},{"@type":"ListItem","position":2,"name":"FAQ"}]},{"@type":"WebSite","@id":"https:\/\/skapoultryequipment.com\/#website","url":"https:\/\/skapoultryequipment.com\/","name":"SKA Poultry Equipment","description":"SKA azienda leader nel settore della progettazione e produzione di impianti ed attrezzature per l&#039;allevamento avicolo a terra.","publisher":{"@id":"https:\/\/skapoultryequipment.com\/#organization"},"potentialAction":[{"@type":"SearchAction","target":{"@type":"EntryPoint","urlTemplate":"https:\/\/skapoultryequipment.com\/?s={search_term_string}"},"query-input":{"@type":"PropertyValueSpecification","valueRequired":true,"valueName":"search_term_string"}}],"inLanguage":"fr-FR"},{"@type":"Organization","@id":"https:\/\/skapoultryequipment.com\/#organization","name":"SKA S.r.l.","url":"https:\/\/skapoultryequipment.com\/","logo":{"@type":"ImageObject","inLanguage":"fr-FR","@id":"https:\/\/skapoultryequipment.com\/#\/schema\/logo\/image\/","url":"https:\/\/skapoultryequipment.com\/wp-content\/uploads\/2020\/09\/logo-SKA.png","contentUrl":"https:\/\/skapoultryequipment.com\/wp-content\/uploads\/2020\/09\/logo-SKA.png","width":183,"height":183,"caption":"SKA S.r.l."},"image":{"@id":"https:\/\/skapoultryequipment.com\/#\/schema\/logo\/image\/"}}]}},"_links":{"self":[{"href":"https:\/\/skapoultryequipment.com\/fr\/wp-json\/wp\/v2\/pages\/4262"}],"collection":[{"href":"https:\/\/skapoultryequipment.com\/fr\/wp-json\/wp\/v2\/pages"}],"about":[{"href":"https:\/\/skapoultryequipment.com\/fr\/wp-json\/wp\/v2\/types\/page"}],"author":[{"embeddable":true,"href":"https:\/\/skapoultryequipment.com\/fr\/wp-json\/wp\/v2\/users\/1"}],"replies":[{"embeddable":true,"href":"https:\/\/skapoultryequipment.com\/fr\/wp-json\/wp\/v2\/comments?post=4262"}],"version-history":[{"count":0,"href":"https:\/\/skapoultryequipment.com\/fr\/wp-json\/wp\/v2\/pages\/4262\/revisions"}],"wp:attachment":[{"href":"https:\/\/skapoultryequipment.com\/fr\/wp-json\/wp\/v2\/media?parent=4262"}],"curies":[{"name":"wp","href":"https:\/\/api.w.org\/{rel}","templated":true}]}}